{"id":8487,"date":"2026-03-02T10:47:12","date_gmt":"2026-03-02T09:47:12","guid":{"rendered":"https:\/\/www.hurom-europe.cz\/?post_type=product&#038;p=8487"},"modified":"2026-04-28T17:40:34","modified_gmt":"2026-04-28T15:40:34","slug":"h310a-series-copy-2","status":"publish","type":"product","link":"https:\/\/www.hurom-europe.cz\/cs\/produkt\/h310a-series-copy-2\/","title":{"rendered":"[New] H310A"},"content":{"rendered":"","protected":false},"excerpt":{"rendered":"","protected":false},"featured_media":8448,"comment_status":"open","ping_status":"closed","template":"","meta":{"_acf_changed":false,"inline_featured_image":false,"_monsterinsights_skip_tracking":false,"_monsterinsights_sitenote_active":false,"_monsterinsights_sitenote_note":"","_monsterinsights_sitenote_category":0,"footnotes":""},"product_brand":[104],"product_cat":[68],"product_tag":[],"class_list":{"0":"post-8487","1":"product","2":"type-product","3":"status-publish","4":"has-post-thumbnail","6":"product_brand-hurom-cs","7":"product_cat-easy-press-line-cs","8":"pa_colours-kale-green","9":"pa_colours-mushroom-cs","11":"first","12":"instock","13":"sale","14":"taxable","15":"shipping-taxable","16":"purchasable","17":"product-type-variable","18":"has-default-attributes"},"acf":[],"yoast_head":"<!-- This site is optimized with the Yoast SEO plugin v27.5 - https:\/\/yoast.com\/product\/yoast-seo-wordpress\/ -->\n<title>[New] H310A - Hurom Pomal\u00e9 od\u0161\u0165av\u0148ova\u010de<\/title>\n<meta name=\"description\" content=\"Hurom Pomal\u00e9 od\u0161\u0165av\u0148ova\u010de \u2013 \u0161t\u00edhlej\u0161\u00ed a leh\u010d\u00ed, ale se v\u0161emi funkcemi. Model H310A je ur\u010den\u00fd nejen k od\u0161\u0165av\u0148ov\u00e1n\u00ed. Bez n\u00e1mahy si p\u0159iprav\u00edte d\u017eus, rostlinn\u00e9 ml\u00e9ko i zmrzlinu.\" \/>\n<meta name=\"robots\" content=\"index, follow, max-snippet:-1, max-image-preview:large, max-video-preview:-1\" \/>\n<link rel=\"canonical\" href=\"https:\/\/www.hurom-europe.cz\/cs\/produkt\/h310a-series-copy-2\/\" \/>\n<meta property=\"og:locale\" content=\"cs_CZ\" \/>\n<meta property=\"og:type\" content=\"article\" \/>\n<meta property=\"og:title\" content=\"[New] H310A - Hurom Pomal\u00e9 od\u0161\u0165av\u0148ova\u010de\" \/>\n<meta property=\"og:description\" content=\"Hurom Pomal\u00e9 od\u0161\u0165av\u0148ova\u010de \u2013 \u0161t\u00edhlej\u0161\u00ed a leh\u010d\u00ed, ale se v\u0161emi funkcemi. Model H310A je ur\u010den\u00fd nejen k od\u0161\u0165av\u0148ov\u00e1n\u00ed. Bez n\u00e1mahy si p\u0159iprav\u00edte d\u017eus, rostlinn\u00e9 ml\u00e9ko i zmrzlinu.\" \/>\n<meta property=\"og:url\" content=\"https:\/\/www.hurom-europe.cz\/cs\/produkt\/h310a-series-copy-2\/\" \/>\n<meta property=\"og:site_name\" content=\"Hurom\" \/>\n<meta property=\"article:modified_time\" content=\"2026-04-28T15:40:34+00:00\" \/>\n<meta property=\"og:image\" content=\"https:\/\/www.hurom-europe.cz\/wp-content\/uploads\/czH310A_Kale-Green1.jpg\" \/>\n\t<meta property=\"og:image:width\" content=\"2000\" \/>\n\t<meta property=\"og:image:height\" content=\"2000\" \/>\n\t<meta property=\"og:image:type\" content=\"image\/jpeg\" \/>\n<meta name=\"twitter:card\" content=\"summary_large_image\" \/>\n<meta name=\"twitter:label1\" content=\"Odhadovan\u00e1 doba \u010dten\u00ed\" \/>\n\t<meta name=\"twitter:data1\" content=\"13 minut\" \/>\n<script type=\"application\/ld+json\" class=\"yoast-schema-graph\">{\"@context\":\"https:\\\/\\\/schema.org\",\"@graph\":[{\"@type\":\"WebPage\",\"@id\":\"https:\\\/\\\/www.hurom-europe.cz\\\/cs\\\/produkt\\\/h310a-series-copy-2\\\/\",\"url\":\"https:\\\/\\\/www.hurom-europe.cz\\\/cs\\\/produkt\\\/h310a-series-copy-2\\\/\",\"name\":\"[New] H310A - Hurom Pomal\u00e9 od\u0161\u0165av\u0148ova\u010de\",\"isPartOf\":{\"@id\":\"https:\\\/\\\/www.hurom-europe.cz\\\/#website\"},\"primaryImageOfPage\":{\"@id\":\"https:\\\/\\\/www.hurom-europe.cz\\\/cs\\\/produkt\\\/h310a-series-copy-2\\\/#primaryimage\"},\"image\":{\"@id\":\"https:\\\/\\\/www.hurom-europe.cz\\\/cs\\\/produkt\\\/h310a-series-copy-2\\\/#primaryimage\"},\"thumbnailUrl\":\"https:\\\/\\\/www.hurom-europe.cz\\\/wp-content\\\/uploads\\\/czH310A_Kale-Green1.jpg\",\"datePublished\":\"2026-03-02T09:47:12+00:00\",\"dateModified\":\"2026-04-28T15:40:34+00:00\",\"description\":\"Hurom Pomal\u00e9 od\u0161\u0165av\u0148ova\u010de \u2013 \u0161t\u00edhlej\u0161\u00ed a leh\u010d\u00ed, ale se v\u0161emi funkcemi. Model H310A je ur\u010den\u00fd nejen k od\u0161\u0165av\u0148ov\u00e1n\u00ed. Bez n\u00e1mahy si p\u0159iprav\u00edte d\u017eus, rostlinn\u00e9 ml\u00e9ko i zmrzlinu.\",\"breadcrumb\":{\"@id\":\"https:\\\/\\\/www.hurom-europe.cz\\\/cs\\\/produkt\\\/h310a-series-copy-2\\\/#breadcrumb\"},\"inLanguage\":\"cs\",\"potentialAction\":[{\"@type\":\"ReadAction\",\"target\":[\"https:\\\/\\\/www.hurom-europe.cz\\\/cs\\\/produkt\\\/h310a-series-copy-2\\\/\"]}]},{\"@type\":\"ImageObject\",\"inLanguage\":\"cs\",\"@id\":\"https:\\\/\\\/www.hurom-europe.cz\\\/cs\\\/produkt\\\/h310a-series-copy-2\\\/#primaryimage\",\"url\":\"https:\\\/\\\/www.hurom-europe.cz\\\/wp-content\\\/uploads\\\/czH310A_Kale-Green1.jpg\",\"contentUrl\":\"https:\\\/\\\/www.hurom-europe.cz\\\/wp-content\\\/uploads\\\/czH310A_Kale-Green1.jpg\",\"width\":2000,\"height\":2000},{\"@type\":\"BreadcrumbList\",\"@id\":\"https:\\\/\\\/www.hurom-europe.cz\\\/cs\\\/produkt\\\/h310a-series-copy-2\\\/#breadcrumb\",\"itemListElement\":[{\"@type\":\"ListItem\",\"position\":1,\"name\":\"Home\",\"item\":\"https:\\\/\\\/www.hurom-europe.cz\\\/cs\\\/\"},{\"@type\":\"ListItem\",\"position\":2,\"name\":\"[New] H310A\"}]},{\"@type\":\"WebSite\",\"@id\":\"https:\\\/\\\/www.hurom-europe.cz\\\/#website\",\"url\":\"https:\\\/\\\/www.hurom-europe.cz\\\/\",\"name\":\"Hurom\",\"description\":\"Slow Juicers and Juicing Accessories\",\"potentialAction\":[{\"@type\":\"SearchAction\",\"target\":{\"@type\":\"EntryPoint\",\"urlTemplate\":\"https:\\\/\\\/www.hurom-europe.cz\\\/?s={search_term_string}\"},\"query-input\":{\"@type\":\"PropertyValueSpecification\",\"valueRequired\":true,\"valueName\":\"search_term_string\"}}],\"inLanguage\":\"cs\"}]}<\/script>\n<!-- \/ Yoast SEO plugin. -->","yoast_head_json":{"title":"[New] H310A - Hurom Pomal\u00e9 od\u0161\u0165av\u0148ova\u010de","description":"Hurom Pomal\u00e9 od\u0161\u0165av\u0148ova\u010de \u2013 \u0161t\u00edhlej\u0161\u00ed a leh\u010d\u00ed, ale se v\u0161emi funkcemi. Model H310A je ur\u010den\u00fd nejen k od\u0161\u0165av\u0148ov\u00e1n\u00ed. Bez n\u00e1mahy si p\u0159iprav\u00edte d\u017eus, rostlinn\u00e9 ml\u00e9ko i zmrzlinu.","robots":{"index":"index","follow":"follow","max-snippet":"max-snippet:-1","max-image-preview":"max-image-preview:large","max-video-preview":"max-video-preview:-1"},"canonical":"https:\/\/www.hurom-europe.cz\/cs\/produkt\/h310a-series-copy-2\/","og_locale":"cs_CZ","og_type":"article","og_title":"[New] H310A - Hurom Pomal\u00e9 od\u0161\u0165av\u0148ova\u010de","og_description":"Hurom Pomal\u00e9 od\u0161\u0165av\u0148ova\u010de \u2013 \u0161t\u00edhlej\u0161\u00ed a leh\u010d\u00ed, ale se v\u0161emi funkcemi. Model H310A je ur\u010den\u00fd nejen k od\u0161\u0165av\u0148ov\u00e1n\u00ed. Bez n\u00e1mahy si p\u0159iprav\u00edte d\u017eus, rostlinn\u00e9 ml\u00e9ko i zmrzlinu.","og_url":"https:\/\/www.hurom-europe.cz\/cs\/produkt\/h310a-series-copy-2\/","og_site_name":"Hurom","article_modified_time":"2026-04-28T15:40:34+00:00","og_image":[{"width":2000,"height":2000,"url":"https:\/\/www.hurom-europe.cz\/wp-content\/uploads\/czH310A_Kale-Green1.jpg","type":"image\/jpeg"}],"twitter_card":"summary_large_image","twitter_misc":{"Odhadovan\u00e1 doba \u010dten\u00ed":"13 minut"},"schema":{"@context":"https:\/\/schema.org","@graph":[{"@type":"WebPage","@id":"https:\/\/www.hurom-europe.cz\/cs\/produkt\/h310a-series-copy-2\/","url":"https:\/\/www.hurom-europe.cz\/cs\/produkt\/h310a-series-copy-2\/","name":"[New] H310A - Hurom Pomal\u00e9 od\u0161\u0165av\u0148ova\u010de","isPartOf":{"@id":"https:\/\/www.hurom-europe.cz\/#website"},"primaryImageOfPage":{"@id":"https:\/\/www.hurom-europe.cz\/cs\/produkt\/h310a-series-copy-2\/#primaryimage"},"image":{"@id":"https:\/\/www.hurom-europe.cz\/cs\/produkt\/h310a-series-copy-2\/#primaryimage"},"thumbnailUrl":"https:\/\/www.hurom-europe.cz\/wp-content\/uploads\/czH310A_Kale-Green1.jpg","datePublished":"2026-03-02T09:47:12+00:00","dateModified":"2026-04-28T15:40:34+00:00","description":"Hurom Pomal\u00e9 od\u0161\u0165av\u0148ova\u010de \u2013 \u0161t\u00edhlej\u0161\u00ed a leh\u010d\u00ed, ale se v\u0161emi funkcemi. Model H310A je ur\u010den\u00fd nejen k od\u0161\u0165av\u0148ov\u00e1n\u00ed. Bez n\u00e1mahy si p\u0159iprav\u00edte d\u017eus, rostlinn\u00e9 ml\u00e9ko i zmrzlinu.","breadcrumb":{"@id":"https:\/\/www.hurom-europe.cz\/cs\/produkt\/h310a-series-copy-2\/#breadcrumb"},"inLanguage":"cs","potentialAction":[{"@type":"ReadAction","target":["https:\/\/www.hurom-europe.cz\/cs\/produkt\/h310a-series-copy-2\/"]}]},{"@type":"ImageObject","inLanguage":"cs","@id":"https:\/\/www.hurom-europe.cz\/cs\/produkt\/h310a-series-copy-2\/#primaryimage","url":"https:\/\/www.hurom-europe.cz\/wp-content\/uploads\/czH310A_Kale-Green1.jpg","contentUrl":"https:\/\/www.hurom-europe.cz\/wp-content\/uploads\/czH310A_Kale-Green1.jpg","width":2000,"height":2000},{"@type":"BreadcrumbList","@id":"https:\/\/www.hurom-europe.cz\/cs\/produkt\/h310a-series-copy-2\/#breadcrumb","itemListElement":[{"@type":"ListItem","position":1,"name":"Home","item":"https:\/\/www.hurom-europe.cz\/cs\/"},{"@type":"ListItem","position":2,"name":"[New] H310A"}]},{"@type":"WebSite","@id":"https:\/\/www.hurom-europe.cz\/#website","url":"https:\/\/www.hurom-europe.cz\/","name":"Hurom","description":"Slow Juicers and Juicing Accessories","potentialAction":[{"@type":"SearchAction","target":{"@type":"EntryPoint","urlTemplate":"https:\/\/www.hurom-europe.cz\/?s={search_term_string}"},"query-input":{"@type":"PropertyValueSpecification","valueRequired":true,"valueName":"search_term_string"}}],"inLanguage":"cs"}]}},"_links":{"self":[{"href":"https:\/\/www.hurom-europe.cz\/cs\/wp-json\/wp\/v2\/product\/8487","targetHints":{"allow":["GET"]}}],"collection":[{"href":"https:\/\/www.hurom-europe.cz\/cs\/wp-json\/wp\/v2\/product"}],"about":[{"href":"https:\/\/www.hurom-europe.cz\/cs\/wp-json\/wp\/v2\/types\/product"}],"replies":[{"embeddable":true,"href":"https:\/\/www.hurom-europe.cz\/cs\/wp-json\/wp\/v2\/comments?post=8487"}],"version-history":[{"count":1,"href":"https:\/\/www.hurom-europe.cz\/cs\/wp-json\/wp\/v2\/product\/8487\/revisions"}],"predecessor-version":[{"id":8502,"href":"https:\/\/www.hurom-europe.cz\/cs\/wp-json\/wp\/v2\/product\/8487\/revisions\/8502"}],"wp:featuredmedia":[{"embeddable":true,"href":"https:\/\/www.hurom-europe.cz\/cs\/wp-json\/wp\/v2\/media\/8448"}],"wp:attachment":[{"href":"https:\/\/www.hurom-europe.cz\/cs\/wp-json\/wp\/v2\/media?parent=8487"}],"wp:term":[{"taxonomy":"product_brand","embeddable":true,"href":"https:\/\/www.hurom-europe.cz\/cs\/wp-json\/wp\/v2\/product_brand?post=8487"},{"taxonomy":"product_cat","embeddable":true,"href":"https:\/\/www.hurom-europe.cz\/cs\/wp-json\/wp\/v2\/product_cat?post=8487"},{"taxonomy":"product_tag","embeddable":true,"href":"https:\/\/www.hurom-europe.cz\/cs\/wp-json\/wp\/v2\/product_tag?post=8487"}],"curies":[{"name":"wp","href":"https:\/\/api.w.org\/{rel}","templated":true}]}}