{"id":7757,"date":"2025-12-23T08:33:25","date_gmt":"2025-12-23T07:33:25","guid":{"rendered":"https:\/\/www.hurom-europe.cz\/?post_type=product&#038;p=7757"},"modified":"2026-04-17T10:02:40","modified_gmt":"2026-04-17T08:02:40","slug":"hurom-table-blender-2","status":"publish","type":"product","link":"https:\/\/www.hurom-europe.cz\/cs\/produkt\/hurom-table-blender-2\/","title":{"rendered":"Stoln\u00ed mix\u00e9r Hurom \u200b"},"content":{"rendered":"","protected":false},"excerpt":{"rendered":"","protected":false},"featured_media":7775,"comment_status":"open","ping_status":"closed","template":"","meta":{"_acf_changed":false,"inline_featured_image":false,"_monsterinsights_skip_tracking":false,"_monsterinsights_sitenote_active":false,"_monsterinsights_sitenote_note":"","_monsterinsights_sitenote_category":0,"footnotes":""},"product_brand":[104],"product_cat":[67],"product_tag":[],"class_list":{"0":"post-7757","1":"product","2":"type-product","3":"status-publish","4":"has-post-thumbnail","6":"product_brand-hurom-cs","7":"product_cat-others-cs","8":"pa_colours-mushroom-cs","9":"pa_colours-milestone-gray-cs","11":"first","12":"instock","13":"taxable","14":"shipping-taxable","15":"purchasable","16":"product-type-variable","17":"has-default-attributes"},"acf":[],"yoast_head":"<!-- This site is optimized with the Yoast SEO plugin v27.5 - https:\/\/yoast.com\/product\/yoast-seo-wordpress\/ -->\n<title>Stoln\u00ed mix\u00e9r Hurom \u200b - Hurom<\/title>\n<meta name=\"robots\" content=\"index, follow, max-snippet:-1, max-image-preview:large, max-video-preview:-1\" \/>\n<link rel=\"canonical\" href=\"https:\/\/www.hurom-europe.cz\/cs\/produkt\/hurom-table-blender-2\/\" \/>\n<meta property=\"og:locale\" content=\"cs_CZ\" \/>\n<meta property=\"og:type\" content=\"article\" \/>\n<meta property=\"og:title\" content=\"Stoln\u00ed mix\u00e9r Hurom \u200b - Hurom\" \/>\n<meta property=\"og:url\" content=\"https:\/\/www.hurom-europe.cz\/cs\/produkt\/hurom-table-blender-2\/\" \/>\n<meta property=\"og:site_name\" content=\"Hurom\" \/>\n<meta property=\"article:modified_time\" content=\"2026-04-17T08:02:40+00:00\" \/>\n<meta property=\"og:image\" content=\"https:\/\/www.hurom-europe.cz\/wp-content\/uploads\/CZTB_web_thumbnails01-1.jpg\" \/>\n\t<meta property=\"og:image:width\" content=\"2000\" \/>\n\t<meta property=\"og:image:height\" content=\"2000\" \/>\n\t<meta property=\"og:image:type\" content=\"image\/jpeg\" \/>\n<meta name=\"twitter:card\" content=\"summary_large_image\" \/>\n<meta name=\"twitter:label1\" content=\"Odhadovan\u00e1 doba \u010dten\u00ed\" \/>\n\t<meta name=\"twitter:data1\" content=\"4 minuty\" \/>\n<script type=\"application\/ld+json\" class=\"yoast-schema-graph\">{\"@context\":\"https:\\\/\\\/schema.org\",\"@graph\":[{\"@type\":\"WebPage\",\"@id\":\"https:\\\/\\\/www.hurom-europe.cz\\\/cs\\\/produkt\\\/hurom-table-blender-2\\\/\",\"url\":\"https:\\\/\\\/www.hurom-europe.cz\\\/cs\\\/produkt\\\/hurom-table-blender-2\\\/\",\"name\":\"Stoln\u00ed mix\u00e9r Hurom \u200b - Hurom\",\"isPartOf\":{\"@id\":\"https:\\\/\\\/www.hurom-europe.cz\\\/#website\"},\"primaryImageOfPage\":{\"@id\":\"https:\\\/\\\/www.hurom-europe.cz\\\/cs\\\/produkt\\\/hurom-table-blender-2\\\/#primaryimage\"},\"image\":{\"@id\":\"https:\\\/\\\/www.hurom-europe.cz\\\/cs\\\/produkt\\\/hurom-table-blender-2\\\/#primaryimage\"},\"thumbnailUrl\":\"https:\\\/\\\/www.hurom-europe.cz\\\/wp-content\\\/uploads\\\/CZTB_web_thumbnails01-1.jpg\",\"datePublished\":\"2025-12-23T07:33:25+00:00\",\"dateModified\":\"2026-04-17T08:02:40+00:00\",\"breadcrumb\":{\"@id\":\"https:\\\/\\\/www.hurom-europe.cz\\\/cs\\\/produkt\\\/hurom-table-blender-2\\\/#breadcrumb\"},\"inLanguage\":\"cs\",\"potentialAction\":[{\"@type\":\"ReadAction\",\"target\":[\"https:\\\/\\\/www.hurom-europe.cz\\\/cs\\\/produkt\\\/hurom-table-blender-2\\\/\"]}]},{\"@type\":\"ImageObject\",\"inLanguage\":\"cs\",\"@id\":\"https:\\\/\\\/www.hurom-europe.cz\\\/cs\\\/produkt\\\/hurom-table-blender-2\\\/#primaryimage\",\"url\":\"https:\\\/\\\/www.hurom-europe.cz\\\/wp-content\\\/uploads\\\/CZTB_web_thumbnails01-1.jpg\",\"contentUrl\":\"https:\\\/\\\/www.hurom-europe.cz\\\/wp-content\\\/uploads\\\/CZTB_web_thumbnails01-1.jpg\",\"width\":2000,\"height\":2000},{\"@type\":\"BreadcrumbList\",\"@id\":\"https:\\\/\\\/www.hurom-europe.cz\\\/cs\\\/produkt\\\/hurom-table-blender-2\\\/#breadcrumb\",\"itemListElement\":[{\"@type\":\"ListItem\",\"position\":1,\"name\":\"Home\",\"item\":\"https:\\\/\\\/www.hurom-europe.cz\\\/cs\\\/\"},{\"@type\":\"ListItem\",\"position\":2,\"name\":\"Stoln\u00ed mix\u00e9r Hurom \u200b\"}]},{\"@type\":\"WebSite\",\"@id\":\"https:\\\/\\\/www.hurom-europe.cz\\\/#website\",\"url\":\"https:\\\/\\\/www.hurom-europe.cz\\\/\",\"name\":\"Hurom\",\"description\":\"Slow Juicers and Juicing Accessories\",\"potentialAction\":[{\"@type\":\"SearchAction\",\"target\":{\"@type\":\"EntryPoint\",\"urlTemplate\":\"https:\\\/\\\/www.hurom-europe.cz\\\/?s={search_term_string}\"},\"query-input\":{\"@type\":\"PropertyValueSpecification\",\"valueRequired\":true,\"valueName\":\"search_term_string\"}}],\"inLanguage\":\"cs\"}]}<\/script>\n<!-- \/ Yoast SEO plugin. -->","yoast_head_json":{"title":"Stoln\u00ed mix\u00e9r Hurom \u200b - Hurom","robots":{"index":"index","follow":"follow","max-snippet":"max-snippet:-1","max-image-preview":"max-image-preview:large","max-video-preview":"max-video-preview:-1"},"canonical":"https:\/\/www.hurom-europe.cz\/cs\/produkt\/hurom-table-blender-2\/","og_locale":"cs_CZ","og_type":"article","og_title":"Stoln\u00ed mix\u00e9r Hurom \u200b - Hurom","og_url":"https:\/\/www.hurom-europe.cz\/cs\/produkt\/hurom-table-blender-2\/","og_site_name":"Hurom","article_modified_time":"2026-04-17T08:02:40+00:00","og_image":[{"width":2000,"height":2000,"url":"https:\/\/www.hurom-europe.cz\/wp-content\/uploads\/CZTB_web_thumbnails01-1.jpg","type":"image\/jpeg"}],"twitter_card":"summary_large_image","twitter_misc":{"Odhadovan\u00e1 doba \u010dten\u00ed":"4 minuty"},"schema":{"@context":"https:\/\/schema.org","@graph":[{"@type":"WebPage","@id":"https:\/\/www.hurom-europe.cz\/cs\/produkt\/hurom-table-blender-2\/","url":"https:\/\/www.hurom-europe.cz\/cs\/produkt\/hurom-table-blender-2\/","name":"Stoln\u00ed mix\u00e9r Hurom \u200b - Hurom","isPartOf":{"@id":"https:\/\/www.hurom-europe.cz\/#website"},"primaryImageOfPage":{"@id":"https:\/\/www.hurom-europe.cz\/cs\/produkt\/hurom-table-blender-2\/#primaryimage"},"image":{"@id":"https:\/\/www.hurom-europe.cz\/cs\/produkt\/hurom-table-blender-2\/#primaryimage"},"thumbnailUrl":"https:\/\/www.hurom-europe.cz\/wp-content\/uploads\/CZTB_web_thumbnails01-1.jpg","datePublished":"2025-12-23T07:33:25+00:00","dateModified":"2026-04-17T08:02:40+00:00","breadcrumb":{"@id":"https:\/\/www.hurom-europe.cz\/cs\/produkt\/hurom-table-blender-2\/#breadcrumb"},"inLanguage":"cs","potentialAction":[{"@type":"ReadAction","target":["https:\/\/www.hurom-europe.cz\/cs\/produkt\/hurom-table-blender-2\/"]}]},{"@type":"ImageObject","inLanguage":"cs","@id":"https:\/\/www.hurom-europe.cz\/cs\/produkt\/hurom-table-blender-2\/#primaryimage","url":"https:\/\/www.hurom-europe.cz\/wp-content\/uploads\/CZTB_web_thumbnails01-1.jpg","contentUrl":"https:\/\/www.hurom-europe.cz\/wp-content\/uploads\/CZTB_web_thumbnails01-1.jpg","width":2000,"height":2000},{"@type":"BreadcrumbList","@id":"https:\/\/www.hurom-europe.cz\/cs\/produkt\/hurom-table-blender-2\/#breadcrumb","itemListElement":[{"@type":"ListItem","position":1,"name":"Home","item":"https:\/\/www.hurom-europe.cz\/cs\/"},{"@type":"ListItem","position":2,"name":"Stoln\u00ed mix\u00e9r Hurom \u200b"}]},{"@type":"WebSite","@id":"https:\/\/www.hurom-europe.cz\/#website","url":"https:\/\/www.hurom-europe.cz\/","name":"Hurom","description":"Slow Juicers and Juicing Accessories","potentialAction":[{"@type":"SearchAction","target":{"@type":"EntryPoint","urlTemplate":"https:\/\/www.hurom-europe.cz\/?s={search_term_string}"},"query-input":{"@type":"PropertyValueSpecification","valueRequired":true,"valueName":"search_term_string"}}],"inLanguage":"cs"}]}},"_links":{"self":[{"href":"https:\/\/www.hurom-europe.cz\/cs\/wp-json\/wp\/v2\/product\/7757","targetHints":{"allow":["GET"]}}],"collection":[{"href":"https:\/\/www.hurom-europe.cz\/cs\/wp-json\/wp\/v2\/product"}],"about":[{"href":"https:\/\/www.hurom-europe.cz\/cs\/wp-json\/wp\/v2\/types\/product"}],"replies":[{"embeddable":true,"href":"https:\/\/www.hurom-europe.cz\/cs\/wp-json\/wp\/v2\/comments?post=7757"}],"version-history":[{"count":3,"href":"https:\/\/www.hurom-europe.cz\/cs\/wp-json\/wp\/v2\/product\/7757\/revisions"}],"predecessor-version":[{"id":7863,"href":"https:\/\/www.hurom-europe.cz\/cs\/wp-json\/wp\/v2\/product\/7757\/revisions\/7863"}],"wp:featuredmedia":[{"embeddable":true,"href":"https:\/\/www.hurom-europe.cz\/cs\/wp-json\/wp\/v2\/media\/7775"}],"wp:attachment":[{"href":"https:\/\/www.hurom-europe.cz\/cs\/wp-json\/wp\/v2\/media?parent=7757"}],"wp:term":[{"taxonomy":"product_brand","embeddable":true,"href":"https:\/\/www.hurom-europe.cz\/cs\/wp-json\/wp\/v2\/product_brand?post=7757"},{"taxonomy":"product_cat","embeddable":true,"href":"https:\/\/www.hurom-europe.cz\/cs\/wp-json\/wp\/v2\/product_cat?post=7757"},{"taxonomy":"product_tag","embeddable":true,"href":"https:\/\/www.hurom-europe.cz\/cs\/wp-json\/wp\/v2\/product_tag?post=7757"}],"curies":[{"name":"wp","href":"https:\/\/api.w.org\/{rel}","templated":true}]}}