{"id":4662,"date":"2025-07-01T11:47:13","date_gmt":"2025-07-01T09:47:13","guid":{"rendered":"https:\/\/www.hurom-europe.cz\/?post_type=product&#038;p=4662"},"modified":"2025-12-23T08:44:38","modified_gmt":"2025-12-23T07:44:38","slug":"hurom-x-ichendorf-glass","status":"publish","type":"product","link":"https:\/\/www.hurom-europe.cz\/cs\/produkt\/hurom-x-ichendorf-glass\/","title":{"rendered":"Hurom x Ichendorf Sklenice"},"content":{"rendered":"<p style=\"text-align: center;\">A charming fruit-themed glass, ideal for enjoying freshly extracted juice from a Hurom juicer, and also making a thoughtful gift.<br \/>\nIt pairs beautifully with various tableware, adding a stylish touch to any table setting.\u200b<\/p>\n","protected":false},"excerpt":{"rendered":"<p>Short description<\/p>\n","protected":false},"featured_media":4678,"comment_status":"open","ping_status":"closed","template":"","meta":{"_acf_changed":false,"inline_featured_image":false,"_monsterinsights_skip_tracking":false,"_monsterinsights_sitenote_active":false,"_monsterinsights_sitenote_note":"","_monsterinsights_sitenote_category":0,"footnotes":""},"product_brand":[104],"product_cat":[67],"product_tag":[],"class_list":{"0":"post-4662","1":"product","2":"type-product","3":"status-publish","4":"has-post-thumbnail","6":"product_brand-hurom-cs","7":"product_cat-others-cs","8":"pa_colours-lemon-cs","9":"pa_colours-grape-cs","10":"pa_colours-apple-cs","12":"first","13":"instock","14":"taxable","15":"shipping-taxable","16":"purchasable","17":"product-type-variable","18":"has-default-attributes"},"acf":[],"yoast_head":"<!-- This site is optimized with the Yoast SEO plugin v27.5 - https:\/\/yoast.com\/product\/yoast-seo-wordpress\/ -->\n<title>Hurom x Ichendorf Sklenice - Hurom Slow Juicer<\/title>\n<meta name=\"description\" content=\"Hurom x Ichendorf GlassA charming fruit-themed glass, ideal for enjoying freshly extracted juice from a Hurom juicer, and also making a thoughtful gift.\" \/>\n<meta name=\"robots\" content=\"index, follow, max-snippet:-1, max-image-preview:large, max-video-preview:-1\" \/>\n<link rel=\"canonical\" href=\"https:\/\/www.hurom-europe.cz\/cs\/produkt\/hurom-x-ichendorf-glass\/\" \/>\n<meta property=\"og:locale\" content=\"cs_CZ\" \/>\n<meta property=\"og:type\" content=\"article\" \/>\n<meta property=\"og:title\" content=\"Hurom x Ichendorf Sklenice - Hurom Slow Juicer\" \/>\n<meta property=\"og:description\" content=\"Hurom x Ichendorf GlassA charming fruit-themed glass, ideal for enjoying freshly extracted juice from a Hurom juicer, and also making a thoughtful gift.\" \/>\n<meta property=\"og:url\" content=\"https:\/\/www.hurom-europe.cz\/cs\/produkt\/hurom-x-ichendorf-glass\/\" \/>\n<meta property=\"og:site_name\" content=\"Hurom\" \/>\n<meta property=\"article:modified_time\" content=\"2025-12-23T07:44:38+00:00\" \/>\n<meta property=\"og:image\" content=\"https:\/\/www.hurom-europe.cz\/wp-content\/uploads\/ichendorf_apple.jpg\" \/>\n\t<meta property=\"og:image:width\" content=\"1200\" \/>\n\t<meta property=\"og:image:height\" content=\"1200\" \/>\n\t<meta property=\"og:image:type\" content=\"image\/jpeg\" \/>\n<meta name=\"twitter:card\" content=\"summary_large_image\" \/>\n<meta name=\"twitter:label1\" content=\"Odhadovan\u00e1 doba \u010dten\u00ed\" \/>\n\t<meta name=\"twitter:data1\" content=\"6 minut\" \/>\n<script type=\"application\/ld+json\" class=\"yoast-schema-graph\">{\"@context\":\"https:\\\/\\\/schema.org\",\"@graph\":[{\"@type\":\"WebPage\",\"@id\":\"https:\\\/\\\/www.hurom-europe.cz\\\/cs\\\/produkt\\\/hurom-x-ichendorf-glass\\\/\",\"url\":\"https:\\\/\\\/www.hurom-europe.cz\\\/cs\\\/produkt\\\/hurom-x-ichendorf-glass\\\/\",\"name\":\"Hurom x Ichendorf Sklenice - Hurom Slow Juicer\",\"isPartOf\":{\"@id\":\"https:\\\/\\\/www.hurom-europe.cz\\\/#website\"},\"primaryImageOfPage\":{\"@id\":\"https:\\\/\\\/www.hurom-europe.cz\\\/cs\\\/produkt\\\/hurom-x-ichendorf-glass\\\/#primaryimage\"},\"image\":{\"@id\":\"https:\\\/\\\/www.hurom-europe.cz\\\/cs\\\/produkt\\\/hurom-x-ichendorf-glass\\\/#primaryimage\"},\"thumbnailUrl\":\"https:\\\/\\\/www.hurom-europe.cz\\\/wp-content\\\/uploads\\\/ichendorf_apple.jpg\",\"datePublished\":\"2025-07-01T09:47:13+00:00\",\"dateModified\":\"2025-12-23T07:44:38+00:00\",\"description\":\"Hurom x Ichendorf GlassA charming fruit-themed glass, ideal for enjoying freshly extracted juice from a Hurom juicer, and also making a thoughtful gift.\",\"breadcrumb\":{\"@id\":\"https:\\\/\\\/www.hurom-europe.cz\\\/cs\\\/produkt\\\/hurom-x-ichendorf-glass\\\/#breadcrumb\"},\"inLanguage\":\"cs\",\"potentialAction\":[{\"@type\":\"ReadAction\",\"target\":[\"https:\\\/\\\/www.hurom-europe.cz\\\/cs\\\/produkt\\\/hurom-x-ichendorf-glass\\\/\"]}]},{\"@type\":\"ImageObject\",\"inLanguage\":\"cs\",\"@id\":\"https:\\\/\\\/www.hurom-europe.cz\\\/cs\\\/produkt\\\/hurom-x-ichendorf-glass\\\/#primaryimage\",\"url\":\"https:\\\/\\\/www.hurom-europe.cz\\\/wp-content\\\/uploads\\\/ichendorf_apple.jpg\",\"contentUrl\":\"https:\\\/\\\/www.hurom-europe.cz\\\/wp-content\\\/uploads\\\/ichendorf_apple.jpg\",\"width\":1200,\"height\":1200},{\"@type\":\"BreadcrumbList\",\"@id\":\"https:\\\/\\\/www.hurom-europe.cz\\\/cs\\\/produkt\\\/hurom-x-ichendorf-glass\\\/#breadcrumb\",\"itemListElement\":[{\"@type\":\"ListItem\",\"position\":1,\"name\":\"Home\",\"item\":\"https:\\\/\\\/www.hurom-europe.cz\\\/cs\\\/\"},{\"@type\":\"ListItem\",\"position\":2,\"name\":\"Hurom x Ichendorf Sklenice\"}]},{\"@type\":\"WebSite\",\"@id\":\"https:\\\/\\\/www.hurom-europe.cz\\\/#website\",\"url\":\"https:\\\/\\\/www.hurom-europe.cz\\\/\",\"name\":\"Hurom\",\"description\":\"Slow Juicers and Juicing Accessories\",\"potentialAction\":[{\"@type\":\"SearchAction\",\"target\":{\"@type\":\"EntryPoint\",\"urlTemplate\":\"https:\\\/\\\/www.hurom-europe.cz\\\/?s={search_term_string}\"},\"query-input\":{\"@type\":\"PropertyValueSpecification\",\"valueRequired\":true,\"valueName\":\"search_term_string\"}}],\"inLanguage\":\"cs\"}]}<\/script>\n<!-- \/ Yoast SEO plugin. -->","yoast_head_json":{"title":"Hurom x Ichendorf Sklenice - Hurom Slow Juicer","description":"Hurom x Ichendorf GlassA charming fruit-themed glass, ideal for enjoying freshly extracted juice from a Hurom juicer, and also making a thoughtful gift.","robots":{"index":"index","follow":"follow","max-snippet":"max-snippet:-1","max-image-preview":"max-image-preview:large","max-video-preview":"max-video-preview:-1"},"canonical":"https:\/\/www.hurom-europe.cz\/cs\/produkt\/hurom-x-ichendorf-glass\/","og_locale":"cs_CZ","og_type":"article","og_title":"Hurom x Ichendorf Sklenice - Hurom Slow Juicer","og_description":"Hurom x Ichendorf GlassA charming fruit-themed glass, ideal for enjoying freshly extracted juice from a Hurom juicer, and also making a thoughtful gift.","og_url":"https:\/\/www.hurom-europe.cz\/cs\/produkt\/hurom-x-ichendorf-glass\/","og_site_name":"Hurom","article_modified_time":"2025-12-23T07:44:38+00:00","og_image":[{"width":1200,"height":1200,"url":"https:\/\/www.hurom-europe.cz\/wp-content\/uploads\/ichendorf_apple.jpg","type":"image\/jpeg"}],"twitter_card":"summary_large_image","twitter_misc":{"Odhadovan\u00e1 doba \u010dten\u00ed":"6 minut"},"schema":{"@context":"https:\/\/schema.org","@graph":[{"@type":"WebPage","@id":"https:\/\/www.hurom-europe.cz\/cs\/produkt\/hurom-x-ichendorf-glass\/","url":"https:\/\/www.hurom-europe.cz\/cs\/produkt\/hurom-x-ichendorf-glass\/","name":"Hurom x Ichendorf Sklenice - Hurom Slow Juicer","isPartOf":{"@id":"https:\/\/www.hurom-europe.cz\/#website"},"primaryImageOfPage":{"@id":"https:\/\/www.hurom-europe.cz\/cs\/produkt\/hurom-x-ichendorf-glass\/#primaryimage"},"image":{"@id":"https:\/\/www.hurom-europe.cz\/cs\/produkt\/hurom-x-ichendorf-glass\/#primaryimage"},"thumbnailUrl":"https:\/\/www.hurom-europe.cz\/wp-content\/uploads\/ichendorf_apple.jpg","datePublished":"2025-07-01T09:47:13+00:00","dateModified":"2025-12-23T07:44:38+00:00","description":"Hurom x Ichendorf GlassA charming fruit-themed glass, ideal for enjoying freshly extracted juice from a Hurom juicer, and also making a thoughtful gift.","breadcrumb":{"@id":"https:\/\/www.hurom-europe.cz\/cs\/produkt\/hurom-x-ichendorf-glass\/#breadcrumb"},"inLanguage":"cs","potentialAction":[{"@type":"ReadAction","target":["https:\/\/www.hurom-europe.cz\/cs\/produkt\/hurom-x-ichendorf-glass\/"]}]},{"@type":"ImageObject","inLanguage":"cs","@id":"https:\/\/www.hurom-europe.cz\/cs\/produkt\/hurom-x-ichendorf-glass\/#primaryimage","url":"https:\/\/www.hurom-europe.cz\/wp-content\/uploads\/ichendorf_apple.jpg","contentUrl":"https:\/\/www.hurom-europe.cz\/wp-content\/uploads\/ichendorf_apple.jpg","width":1200,"height":1200},{"@type":"BreadcrumbList","@id":"https:\/\/www.hurom-europe.cz\/cs\/produkt\/hurom-x-ichendorf-glass\/#breadcrumb","itemListElement":[{"@type":"ListItem","position":1,"name":"Home","item":"https:\/\/www.hurom-europe.cz\/cs\/"},{"@type":"ListItem","position":2,"name":"Hurom x Ichendorf Sklenice"}]},{"@type":"WebSite","@id":"https:\/\/www.hurom-europe.cz\/#website","url":"https:\/\/www.hurom-europe.cz\/","name":"Hurom","description":"Slow Juicers and Juicing Accessories","potentialAction":[{"@type":"SearchAction","target":{"@type":"EntryPoint","urlTemplate":"https:\/\/www.hurom-europe.cz\/?s={search_term_string}"},"query-input":{"@type":"PropertyValueSpecification","valueRequired":true,"valueName":"search_term_string"}}],"inLanguage":"cs"}]}},"_links":{"self":[{"href":"https:\/\/www.hurom-europe.cz\/cs\/wp-json\/wp\/v2\/product\/4662","targetHints":{"allow":["GET"]}}],"collection":[{"href":"https:\/\/www.hurom-europe.cz\/cs\/wp-json\/wp\/v2\/product"}],"about":[{"href":"https:\/\/www.hurom-europe.cz\/cs\/wp-json\/wp\/v2\/types\/product"}],"replies":[{"embeddable":true,"href":"https:\/\/www.hurom-europe.cz\/cs\/wp-json\/wp\/v2\/comments?post=4662"}],"version-history":[{"count":1,"href":"https:\/\/www.hurom-europe.cz\/cs\/wp-json\/wp\/v2\/product\/4662\/revisions"}],"predecessor-version":[{"id":7765,"href":"https:\/\/www.hurom-europe.cz\/cs\/wp-json\/wp\/v2\/product\/4662\/revisions\/7765"}],"wp:featuredmedia":[{"embeddable":true,"href":"https:\/\/www.hurom-europe.cz\/cs\/wp-json\/wp\/v2\/media\/4678"}],"wp:attachment":[{"href":"https:\/\/www.hurom-europe.cz\/cs\/wp-json\/wp\/v2\/media?parent=4662"}],"wp:term":[{"taxonomy":"product_brand","embeddable":true,"href":"https:\/\/www.hurom-europe.cz\/cs\/wp-json\/wp\/v2\/product_brand?post=4662"},{"taxonomy":"product_cat","embeddable":true,"href":"https:\/\/www.hurom-europe.cz\/cs\/wp-json\/wp\/v2\/product_cat?post=4662"},{"taxonomy":"product_tag","embeddable":true,"href":"https:\/\/www.hurom-europe.cz\/cs\/wp-json\/wp\/v2\/product_tag?post=4662"}],"curies":[{"name":"wp","href":"https:\/\/api.w.org\/{rel}","templated":true}]}}