{"id":3501,"date":"2025-01-20T12:16:04","date_gmt":"2025-01-20T11:16:04","guid":{"rendered":"http:\/\/www.hurom-europe.cz\/product\/h70-st\/"},"modified":"2026-05-10T23:43:30","modified_gmt":"2026-05-10T21:43:30","slug":"h70-st-hurom-pomalobezne-odstavnovace","status":"publish","type":"product","link":"https:\/\/www.hurom-europe.cz\/cs\/produkt\/h70-st-hurom-pomalobezne-odstavnovace\/","title":{"rendered":"H70-ST"},"content":{"rendered":"<p>Product description<\/p>\n","protected":false},"excerpt":{"rendered":"<p>Short description<\/p>\n","protected":false},"featured_media":4044,"comment_status":"open","ping_status":"closed","template":"","meta":{"_acf_changed":false,"inline_featured_image":false,"_monsterinsights_skip_tracking":false,"_monsterinsights_sitenote_active":false,"_monsterinsights_sitenote_note":"","_monsterinsights_sitenote_category":0,"footnotes":""},"product_brand":[104],"product_cat":[69],"product_tag":[],"class_list":{"0":"post-3501","1":"product","2":"type-product","3":"status-publish","4":"has-post-thumbnail","6":"product_brand-hurom-cs","7":"product_cat-pure-press-line-cs","8":"pa_colours-beige-cs","9":"pa_colours-white-cs","10":"pa_colours-matt-black-cs","11":"pa_colours-titanium-gray-cs","13":"first","14":"instock","15":"taxable","16":"shipping-taxable","17":"purchasable","18":"product-type-variable","19":"has-default-attributes"},"acf":[],"yoast_head":"<!-- This site is optimized with the Yoast SEO plugin v27.5 - https:\/\/yoast.com\/product\/yoast-seo-wordpress\/ -->\n<title>H70-ST - Hurom Pomal\u00e9 od\u0161\u0165av\u0148ova\u010de<\/title>\n<meta name=\"description\" content=\"Od\u0161\u0165av\u0148ova\u010d H70-ST z\u00edsk\u00e1v\u00e1 \u0161\u0165\u00e1vu z ingredienc\u00ed \u010dist\u011bji d\u00edky pou\u017eit\u00ed s\u00ed\u0165ov\u00e9ho filtru.\" \/>\n<meta name=\"robots\" content=\"index, follow, max-snippet:-1, max-image-preview:large, max-video-preview:-1\" \/>\n<link rel=\"canonical\" href=\"https:\/\/www.hurom-europe.cz\/cs\/produkt\/h70-st-hurom-pomalobezne-odstavnovace\/\" \/>\n<meta property=\"og:locale\" content=\"cs_CZ\" \/>\n<meta property=\"og:type\" content=\"article\" \/>\n<meta property=\"og:title\" content=\"H70-ST - Hurom Pomal\u00e9 od\u0161\u0165av\u0148ova\u010de\" \/>\n<meta property=\"og:description\" content=\"Od\u0161\u0165av\u0148ova\u010d H70-ST z\u00edsk\u00e1v\u00e1 \u0161\u0165\u00e1vu z ingredienc\u00ed \u010dist\u011bji d\u00edky pou\u017eit\u00ed s\u00ed\u0165ov\u00e9ho filtru.\" \/>\n<meta property=\"og:url\" content=\"https:\/\/www.hurom-europe.cz\/cs\/produkt\/h70-st-hurom-pomalobezne-odstavnovace\/\" \/>\n<meta property=\"og:site_name\" content=\"Hurom\" \/>\n<meta property=\"article:modified_time\" content=\"2026-05-10T21:43:30+00:00\" \/>\n<meta property=\"og:image\" content=\"https:\/\/www.hurom-europe.cz\/wp-content\/uploads\/H70ST_White_01.jpg\" \/>\n\t<meta property=\"og:image:width\" content=\"2000\" \/>\n\t<meta property=\"og:image:height\" content=\"2000\" \/>\n\t<meta property=\"og:image:type\" content=\"image\/jpeg\" \/>\n<meta name=\"twitter:card\" content=\"summary_large_image\" \/>\n<meta name=\"twitter:label1\" content=\"Odhadovan\u00e1 doba \u010dten\u00ed\" \/>\n\t<meta name=\"twitter:data1\" content=\"16 minut\" \/>\n<script type=\"application\/ld+json\" class=\"yoast-schema-graph\">{\"@context\":\"https:\\\/\\\/schema.org\",\"@graph\":[{\"@type\":\"WebPage\",\"@id\":\"https:\\\/\\\/www.hurom-europe.cz\\\/cs\\\/produkt\\\/h70-st-hurom-pomalobezne-odstavnovace\\\/\",\"url\":\"https:\\\/\\\/www.hurom-europe.cz\\\/cs\\\/produkt\\\/h70-st-hurom-pomalobezne-odstavnovace\\\/\",\"name\":\"H70-ST - Hurom Pomal\u00e9 od\u0161\u0165av\u0148ova\u010de\",\"isPartOf\":{\"@id\":\"https:\\\/\\\/www.hurom-europe.cz\\\/#website\"},\"primaryImageOfPage\":{\"@id\":\"https:\\\/\\\/www.hurom-europe.cz\\\/cs\\\/produkt\\\/h70-st-hurom-pomalobezne-odstavnovace\\\/#primaryimage\"},\"image\":{\"@id\":\"https:\\\/\\\/www.hurom-europe.cz\\\/cs\\\/produkt\\\/h70-st-hurom-pomalobezne-odstavnovace\\\/#primaryimage\"},\"thumbnailUrl\":\"https:\\\/\\\/www.hurom-europe.cz\\\/wp-content\\\/uploads\\\/H70ST_White_01.jpg\",\"datePublished\":\"2025-01-20T11:16:04+00:00\",\"dateModified\":\"2026-05-10T21:43:30+00:00\",\"description\":\"Od\u0161\u0165av\u0148ova\u010d H70-ST z\u00edsk\u00e1v\u00e1 \u0161\u0165\u00e1vu z ingredienc\u00ed \u010dist\u011bji d\u00edky pou\u017eit\u00ed s\u00ed\u0165ov\u00e9ho filtru.\",\"breadcrumb\":{\"@id\":\"https:\\\/\\\/www.hurom-europe.cz\\\/cs\\\/produkt\\\/h70-st-hurom-pomalobezne-odstavnovace\\\/#breadcrumb\"},\"inLanguage\":\"cs\",\"potentialAction\":[{\"@type\":\"ReadAction\",\"target\":[\"https:\\\/\\\/www.hurom-europe.cz\\\/cs\\\/produkt\\\/h70-st-hurom-pomalobezne-odstavnovace\\\/\"]}]},{\"@type\":\"ImageObject\",\"inLanguage\":\"cs\",\"@id\":\"https:\\\/\\\/www.hurom-europe.cz\\\/cs\\\/produkt\\\/h70-st-hurom-pomalobezne-odstavnovace\\\/#primaryimage\",\"url\":\"https:\\\/\\\/www.hurom-europe.cz\\\/wp-content\\\/uploads\\\/H70ST_White_01.jpg\",\"contentUrl\":\"https:\\\/\\\/www.hurom-europe.cz\\\/wp-content\\\/uploads\\\/H70ST_White_01.jpg\",\"width\":2000,\"height\":2000},{\"@type\":\"BreadcrumbList\",\"@id\":\"https:\\\/\\\/www.hurom-europe.cz\\\/cs\\\/produkt\\\/h70-st-hurom-pomalobezne-odstavnovace\\\/#breadcrumb\",\"itemListElement\":[{\"@type\":\"ListItem\",\"position\":1,\"name\":\"Home\",\"item\":\"https:\\\/\\\/www.hurom-europe.cz\\\/cs\\\/\"},{\"@type\":\"ListItem\",\"position\":2,\"name\":\"H70-ST\"}]},{\"@type\":\"WebSite\",\"@id\":\"https:\\\/\\\/www.hurom-europe.cz\\\/#website\",\"url\":\"https:\\\/\\\/www.hurom-europe.cz\\\/\",\"name\":\"Hurom\",\"description\":\"Slow Juicers and Juicing Accessories\",\"potentialAction\":[{\"@type\":\"SearchAction\",\"target\":{\"@type\":\"EntryPoint\",\"urlTemplate\":\"https:\\\/\\\/www.hurom-europe.cz\\\/?s={search_term_string}\"},\"query-input\":{\"@type\":\"PropertyValueSpecification\",\"valueRequired\":true,\"valueName\":\"search_term_string\"}}],\"inLanguage\":\"cs\"}]}<\/script>\n<!-- \/ Yoast SEO plugin. -->","yoast_head_json":{"title":"H70-ST - Hurom Pomal\u00e9 od\u0161\u0165av\u0148ova\u010de","description":"Od\u0161\u0165av\u0148ova\u010d H70-ST z\u00edsk\u00e1v\u00e1 \u0161\u0165\u00e1vu z ingredienc\u00ed \u010dist\u011bji d\u00edky pou\u017eit\u00ed s\u00ed\u0165ov\u00e9ho filtru.","robots":{"index":"index","follow":"follow","max-snippet":"max-snippet:-1","max-image-preview":"max-image-preview:large","max-video-preview":"max-video-preview:-1"},"canonical":"https:\/\/www.hurom-europe.cz\/cs\/produkt\/h70-st-hurom-pomalobezne-odstavnovace\/","og_locale":"cs_CZ","og_type":"article","og_title":"H70-ST - Hurom Pomal\u00e9 od\u0161\u0165av\u0148ova\u010de","og_description":"Od\u0161\u0165av\u0148ova\u010d H70-ST z\u00edsk\u00e1v\u00e1 \u0161\u0165\u00e1vu z ingredienc\u00ed \u010dist\u011bji d\u00edky pou\u017eit\u00ed s\u00ed\u0165ov\u00e9ho filtru.","og_url":"https:\/\/www.hurom-europe.cz\/cs\/produkt\/h70-st-hurom-pomalobezne-odstavnovace\/","og_site_name":"Hurom","article_modified_time":"2026-05-10T21:43:30+00:00","og_image":[{"width":2000,"height":2000,"url":"https:\/\/www.hurom-europe.cz\/wp-content\/uploads\/H70ST_White_01.jpg","type":"image\/jpeg"}],"twitter_card":"summary_large_image","twitter_misc":{"Odhadovan\u00e1 doba \u010dten\u00ed":"16 minut"},"schema":{"@context":"https:\/\/schema.org","@graph":[{"@type":"WebPage","@id":"https:\/\/www.hurom-europe.cz\/cs\/produkt\/h70-st-hurom-pomalobezne-odstavnovace\/","url":"https:\/\/www.hurom-europe.cz\/cs\/produkt\/h70-st-hurom-pomalobezne-odstavnovace\/","name":"H70-ST - Hurom Pomal\u00e9 od\u0161\u0165av\u0148ova\u010de","isPartOf":{"@id":"https:\/\/www.hurom-europe.cz\/#website"},"primaryImageOfPage":{"@id":"https:\/\/www.hurom-europe.cz\/cs\/produkt\/h70-st-hurom-pomalobezne-odstavnovace\/#primaryimage"},"image":{"@id":"https:\/\/www.hurom-europe.cz\/cs\/produkt\/h70-st-hurom-pomalobezne-odstavnovace\/#primaryimage"},"thumbnailUrl":"https:\/\/www.hurom-europe.cz\/wp-content\/uploads\/H70ST_White_01.jpg","datePublished":"2025-01-20T11:16:04+00:00","dateModified":"2026-05-10T21:43:30+00:00","description":"Od\u0161\u0165av\u0148ova\u010d H70-ST z\u00edsk\u00e1v\u00e1 \u0161\u0165\u00e1vu z ingredienc\u00ed \u010dist\u011bji d\u00edky pou\u017eit\u00ed s\u00ed\u0165ov\u00e9ho filtru.","breadcrumb":{"@id":"https:\/\/www.hurom-europe.cz\/cs\/produkt\/h70-st-hurom-pomalobezne-odstavnovace\/#breadcrumb"},"inLanguage":"cs","potentialAction":[{"@type":"ReadAction","target":["https:\/\/www.hurom-europe.cz\/cs\/produkt\/h70-st-hurom-pomalobezne-odstavnovace\/"]}]},{"@type":"ImageObject","inLanguage":"cs","@id":"https:\/\/www.hurom-europe.cz\/cs\/produkt\/h70-st-hurom-pomalobezne-odstavnovace\/#primaryimage","url":"https:\/\/www.hurom-europe.cz\/wp-content\/uploads\/H70ST_White_01.jpg","contentUrl":"https:\/\/www.hurom-europe.cz\/wp-content\/uploads\/H70ST_White_01.jpg","width":2000,"height":2000},{"@type":"BreadcrumbList","@id":"https:\/\/www.hurom-europe.cz\/cs\/produkt\/h70-st-hurom-pomalobezne-odstavnovace\/#breadcrumb","itemListElement":[{"@type":"ListItem","position":1,"name":"Home","item":"https:\/\/www.hurom-europe.cz\/cs\/"},{"@type":"ListItem","position":2,"name":"H70-ST"}]},{"@type":"WebSite","@id":"https:\/\/www.hurom-europe.cz\/#website","url":"https:\/\/www.hurom-europe.cz\/","name":"Hurom","description":"Slow Juicers and Juicing Accessories","potentialAction":[{"@type":"SearchAction","target":{"@type":"EntryPoint","urlTemplate":"https:\/\/www.hurom-europe.cz\/?s={search_term_string}"},"query-input":{"@type":"PropertyValueSpecification","valueRequired":true,"valueName":"search_term_string"}}],"inLanguage":"cs"}]}},"_links":{"self":[{"href":"https:\/\/www.hurom-europe.cz\/cs\/wp-json\/wp\/v2\/product\/3501","targetHints":{"allow":["GET"]}}],"collection":[{"href":"https:\/\/www.hurom-europe.cz\/cs\/wp-json\/wp\/v2\/product"}],"about":[{"href":"https:\/\/www.hurom-europe.cz\/cs\/wp-json\/wp\/v2\/types\/product"}],"replies":[{"embeddable":true,"href":"https:\/\/www.hurom-europe.cz\/cs\/wp-json\/wp\/v2\/comments?post=3501"}],"version-history":[{"count":5,"href":"https:\/\/www.hurom-europe.cz\/cs\/wp-json\/wp\/v2\/product\/3501\/revisions"}],"predecessor-version":[{"id":9602,"href":"https:\/\/www.hurom-europe.cz\/cs\/wp-json\/wp\/v2\/product\/3501\/revisions\/9602"}],"wp:featuredmedia":[{"embeddable":true,"href":"https:\/\/www.hurom-europe.cz\/cs\/wp-json\/wp\/v2\/media\/4044"}],"wp:attachment":[{"href":"https:\/\/www.hurom-europe.cz\/cs\/wp-json\/wp\/v2\/media?parent=3501"}],"wp:term":[{"taxonomy":"product_brand","embeddable":true,"href":"https:\/\/www.hurom-europe.cz\/cs\/wp-json\/wp\/v2\/product_brand?post=3501"},{"taxonomy":"product_cat","embeddable":true,"href":"https:\/\/www.hurom-europe.cz\/cs\/wp-json\/wp\/v2\/product_cat?post=3501"},{"taxonomy":"product_tag","embeddable":true,"href":"https:\/\/www.hurom-europe.cz\/cs\/wp-json\/wp\/v2\/product_tag?post=3501"}],"curies":[{"name":"wp","href":"https:\/\/api.w.org\/{rel}","templated":true}]}}