{"id":3465,"date":"2025-03-12T13:57:54","date_gmt":"2025-03-12T12:57:54","guid":{"rendered":"http:\/\/www.hurom-europe.cz\/product\/hurom-power-blender\/"},"modified":"2026-04-17T10:17:24","modified_gmt":"2026-04-17T08:17:24","slug":"vykonny-mixer","status":"publish","type":"product","link":"https:\/\/www.hurom-europe.cz\/cs\/produkt\/vykonny-mixer\/","title":{"rendered":"V\u00fdkonn\u00fd mix\u00e9r Hurom"},"content":{"rendered":"","protected":false},"excerpt":{"rendered":"","protected":false},"featured_media":1748,"comment_status":"open","ping_status":"closed","template":"","meta":{"_acf_changed":false,"inline_featured_image":false,"_monsterinsights_skip_tracking":false,"_monsterinsights_sitenote_active":false,"_monsterinsights_sitenote_note":"","_monsterinsights_sitenote_category":0,"footnotes":""},"product_brand":[104],"product_cat":[67],"product_tag":[],"class_list":{"0":"post-3465","1":"product","2":"type-product","3":"status-publish","4":"has-post-thumbnail","6":"product_brand-hurom-cs","7":"product_cat-others-cs","8":"pa_colours-warm-white-cs","9":"pa_colours-titanium-gray-cs","11":"first","12":"instock","13":"taxable","14":"shipping-taxable","15":"purchasable","16":"product-type-variable","17":"has-default-attributes"},"acf":[],"yoast_head":"<!-- This site is optimized with the Yoast SEO plugin v27.5 - https:\/\/yoast.com\/product\/yoast-seo-wordpress\/ -->\n<title>V\u00fdkonn\u00fd mix\u00e9r Hurom - Hurom Mixer<\/title>\n<meta name=\"description\" content=\"Za\u017eijte novou technologii mixov\u00e1n\u00ed s vysok\u00fdm v\u00fdkonem, dostate\u010dn\u011b silnou na drcen\u00ed i tvrd\u00e9ho ledu. U\u017eijte si snadn\u00e9 pou\u017e\u00edv\u00e1n\u00ed d\u00edky vylep\u0161en\u00e9mu v\u00fdkonu. Vytvo\u0159te si zdrav\u011bj\u0161\u00ed \u017eivotn\u00ed styl s mix\u00e9rem Hurom Power.\" \/>\n<meta name=\"robots\" content=\"index, follow, max-snippet:-1, max-image-preview:large, max-video-preview:-1\" \/>\n<link rel=\"canonical\" href=\"https:\/\/www.hurom-europe.cz\/cs\/produkt\/vykonny-mixer\/\" \/>\n<meta property=\"og:locale\" content=\"cs_CZ\" \/>\n<meta property=\"og:type\" content=\"article\" \/>\n<meta property=\"og:title\" content=\"V\u00fdkonn\u00fd mix\u00e9r Hurom - Hurom Mixer\" \/>\n<meta property=\"og:description\" content=\"Za\u017eijte novou technologii mixov\u00e1n\u00ed s vysok\u00fdm v\u00fdkonem, dostate\u010dn\u011b silnou na drcen\u00ed i tvrd\u00e9ho ledu. U\u017eijte si snadn\u00e9 pou\u017e\u00edv\u00e1n\u00ed d\u00edky vylep\u0161en\u00e9mu v\u00fdkonu. Vytvo\u0159te si zdrav\u011bj\u0161\u00ed \u017eivotn\u00ed styl s mix\u00e9rem Hurom Power.\" \/>\n<meta property=\"og:url\" content=\"https:\/\/www.hurom-europe.cz\/cs\/produkt\/vykonny-mixer\/\" \/>\n<meta property=\"og:site_name\" content=\"Hurom\" \/>\n<meta property=\"article:modified_time\" content=\"2026-04-17T08:17:24+00:00\" \/>\n<meta property=\"og:image\" content=\"https:\/\/www.hurom-europe.cz\/wp-content\/uploads\/power-blander-titanium-grey-scaled.jpg\" \/>\n\t<meta property=\"og:image:width\" content=\"2560\" \/>\n\t<meta property=\"og:image:height\" content=\"2560\" \/>\n\t<meta property=\"og:image:type\" content=\"image\/jpeg\" \/>\n<meta name=\"twitter:card\" content=\"summary_large_image\" \/>\n<meta name=\"twitter:label1\" content=\"Odhadovan\u00e1 doba \u010dten\u00ed\" \/>\n\t<meta name=\"twitter:data1\" content=\"12 minut\" \/>\n<script type=\"application\/ld+json\" class=\"yoast-schema-graph\">{\"@context\":\"https:\\\/\\\/schema.org\",\"@graph\":[{\"@type\":\"WebPage\",\"@id\":\"https:\\\/\\\/www.hurom-europe.cz\\\/cs\\\/produkt\\\/vykonny-mixer\\\/\",\"url\":\"https:\\\/\\\/www.hurom-europe.cz\\\/cs\\\/produkt\\\/vykonny-mixer\\\/\",\"name\":\"V\u00fdkonn\u00fd mix\u00e9r Hurom - Hurom Mixer\",\"isPartOf\":{\"@id\":\"https:\\\/\\\/www.hurom-europe.cz\\\/#website\"},\"primaryImageOfPage\":{\"@id\":\"https:\\\/\\\/www.hurom-europe.cz\\\/cs\\\/produkt\\\/vykonny-mixer\\\/#primaryimage\"},\"image\":{\"@id\":\"https:\\\/\\\/www.hurom-europe.cz\\\/cs\\\/produkt\\\/vykonny-mixer\\\/#primaryimage\"},\"thumbnailUrl\":\"https:\\\/\\\/www.hurom-europe.cz\\\/wp-content\\\/uploads\\\/power-blander-titanium-grey-scaled.jpg\",\"datePublished\":\"2025-03-12T12:57:54+00:00\",\"dateModified\":\"2026-04-17T08:17:24+00:00\",\"description\":\"Za\u017eijte novou technologii mixov\u00e1n\u00ed s vysok\u00fdm v\u00fdkonem, dostate\u010dn\u011b silnou na drcen\u00ed i tvrd\u00e9ho ledu. U\u017eijte si snadn\u00e9 pou\u017e\u00edv\u00e1n\u00ed d\u00edky vylep\u0161en\u00e9mu v\u00fdkonu. Vytvo\u0159te si zdrav\u011bj\u0161\u00ed \u017eivotn\u00ed styl s mix\u00e9rem Hurom Power.\",\"breadcrumb\":{\"@id\":\"https:\\\/\\\/www.hurom-europe.cz\\\/cs\\\/produkt\\\/vykonny-mixer\\\/#breadcrumb\"},\"inLanguage\":\"cs\",\"potentialAction\":[{\"@type\":\"ReadAction\",\"target\":[\"https:\\\/\\\/www.hurom-europe.cz\\\/cs\\\/produkt\\\/vykonny-mixer\\\/\"]}]},{\"@type\":\"ImageObject\",\"inLanguage\":\"cs\",\"@id\":\"https:\\\/\\\/www.hurom-europe.cz\\\/cs\\\/produkt\\\/vykonny-mixer\\\/#primaryimage\",\"url\":\"https:\\\/\\\/www.hurom-europe.cz\\\/wp-content\\\/uploads\\\/power-blander-titanium-grey-scaled.jpg\",\"contentUrl\":\"https:\\\/\\\/www.hurom-europe.cz\\\/wp-content\\\/uploads\\\/power-blander-titanium-grey-scaled.jpg\",\"width\":2560,\"height\":2560,\"caption\":\"power-blander-titanium-grey\"},{\"@type\":\"BreadcrumbList\",\"@id\":\"https:\\\/\\\/www.hurom-europe.cz\\\/cs\\\/produkt\\\/vykonny-mixer\\\/#breadcrumb\",\"itemListElement\":[{\"@type\":\"ListItem\",\"position\":1,\"name\":\"Home\",\"item\":\"https:\\\/\\\/www.hurom-europe.cz\\\/cs\\\/\"},{\"@type\":\"ListItem\",\"position\":2,\"name\":\"V\u00fdkonn\u00fd mix\u00e9r Hurom\"}]},{\"@type\":\"WebSite\",\"@id\":\"https:\\\/\\\/www.hurom-europe.cz\\\/#website\",\"url\":\"https:\\\/\\\/www.hurom-europe.cz\\\/\",\"name\":\"Hurom\",\"description\":\"Slow Juicers and Juicing Accessories\",\"potentialAction\":[{\"@type\":\"SearchAction\",\"target\":{\"@type\":\"EntryPoint\",\"urlTemplate\":\"https:\\\/\\\/www.hurom-europe.cz\\\/?s={search_term_string}\"},\"query-input\":{\"@type\":\"PropertyValueSpecification\",\"valueRequired\":true,\"valueName\":\"search_term_string\"}}],\"inLanguage\":\"cs\"}]}<\/script>\n<!-- \/ Yoast SEO plugin. -->","yoast_head_json":{"title":"V\u00fdkonn\u00fd mix\u00e9r Hurom - Hurom Mixer","description":"Za\u017eijte novou technologii mixov\u00e1n\u00ed s vysok\u00fdm v\u00fdkonem, dostate\u010dn\u011b silnou na drcen\u00ed i tvrd\u00e9ho ledu. U\u017eijte si snadn\u00e9 pou\u017e\u00edv\u00e1n\u00ed d\u00edky vylep\u0161en\u00e9mu v\u00fdkonu. Vytvo\u0159te si zdrav\u011bj\u0161\u00ed \u017eivotn\u00ed styl s mix\u00e9rem Hurom Power.","robots":{"index":"index","follow":"follow","max-snippet":"max-snippet:-1","max-image-preview":"max-image-preview:large","max-video-preview":"max-video-preview:-1"},"canonical":"https:\/\/www.hurom-europe.cz\/cs\/produkt\/vykonny-mixer\/","og_locale":"cs_CZ","og_type":"article","og_title":"V\u00fdkonn\u00fd mix\u00e9r Hurom - Hurom Mixer","og_description":"Za\u017eijte novou technologii mixov\u00e1n\u00ed s vysok\u00fdm v\u00fdkonem, dostate\u010dn\u011b silnou na drcen\u00ed i tvrd\u00e9ho ledu. U\u017eijte si snadn\u00e9 pou\u017e\u00edv\u00e1n\u00ed d\u00edky vylep\u0161en\u00e9mu v\u00fdkonu. Vytvo\u0159te si zdrav\u011bj\u0161\u00ed \u017eivotn\u00ed styl s mix\u00e9rem Hurom Power.","og_url":"https:\/\/www.hurom-europe.cz\/cs\/produkt\/vykonny-mixer\/","og_site_name":"Hurom","article_modified_time":"2026-04-17T08:17:24+00:00","og_image":[{"width":2560,"height":2560,"url":"https:\/\/www.hurom-europe.cz\/wp-content\/uploads\/power-blander-titanium-grey-scaled.jpg","type":"image\/jpeg"}],"twitter_card":"summary_large_image","twitter_misc":{"Odhadovan\u00e1 doba \u010dten\u00ed":"12 minut"},"schema":{"@context":"https:\/\/schema.org","@graph":[{"@type":"WebPage","@id":"https:\/\/www.hurom-europe.cz\/cs\/produkt\/vykonny-mixer\/","url":"https:\/\/www.hurom-europe.cz\/cs\/produkt\/vykonny-mixer\/","name":"V\u00fdkonn\u00fd mix\u00e9r Hurom - Hurom Mixer","isPartOf":{"@id":"https:\/\/www.hurom-europe.cz\/#website"},"primaryImageOfPage":{"@id":"https:\/\/www.hurom-europe.cz\/cs\/produkt\/vykonny-mixer\/#primaryimage"},"image":{"@id":"https:\/\/www.hurom-europe.cz\/cs\/produkt\/vykonny-mixer\/#primaryimage"},"thumbnailUrl":"https:\/\/www.hurom-europe.cz\/wp-content\/uploads\/power-blander-titanium-grey-scaled.jpg","datePublished":"2025-03-12T12:57:54+00:00","dateModified":"2026-04-17T08:17:24+00:00","description":"Za\u017eijte novou technologii mixov\u00e1n\u00ed s vysok\u00fdm v\u00fdkonem, dostate\u010dn\u011b silnou na drcen\u00ed i tvrd\u00e9ho ledu. U\u017eijte si snadn\u00e9 pou\u017e\u00edv\u00e1n\u00ed d\u00edky vylep\u0161en\u00e9mu v\u00fdkonu. Vytvo\u0159te si zdrav\u011bj\u0161\u00ed \u017eivotn\u00ed styl s mix\u00e9rem Hurom Power.","breadcrumb":{"@id":"https:\/\/www.hurom-europe.cz\/cs\/produkt\/vykonny-mixer\/#breadcrumb"},"inLanguage":"cs","potentialAction":[{"@type":"ReadAction","target":["https:\/\/www.hurom-europe.cz\/cs\/produkt\/vykonny-mixer\/"]}]},{"@type":"ImageObject","inLanguage":"cs","@id":"https:\/\/www.hurom-europe.cz\/cs\/produkt\/vykonny-mixer\/#primaryimage","url":"https:\/\/www.hurom-europe.cz\/wp-content\/uploads\/power-blander-titanium-grey-scaled.jpg","contentUrl":"https:\/\/www.hurom-europe.cz\/wp-content\/uploads\/power-blander-titanium-grey-scaled.jpg","width":2560,"height":2560,"caption":"power-blander-titanium-grey"},{"@type":"BreadcrumbList","@id":"https:\/\/www.hurom-europe.cz\/cs\/produkt\/vykonny-mixer\/#breadcrumb","itemListElement":[{"@type":"ListItem","position":1,"name":"Home","item":"https:\/\/www.hurom-europe.cz\/cs\/"},{"@type":"ListItem","position":2,"name":"V\u00fdkonn\u00fd mix\u00e9r Hurom"}]},{"@type":"WebSite","@id":"https:\/\/www.hurom-europe.cz\/#website","url":"https:\/\/www.hurom-europe.cz\/","name":"Hurom","description":"Slow Juicers and Juicing Accessories","potentialAction":[{"@type":"SearchAction","target":{"@type":"EntryPoint","urlTemplate":"https:\/\/www.hurom-europe.cz\/?s={search_term_string}"},"query-input":{"@type":"PropertyValueSpecification","valueRequired":true,"valueName":"search_term_string"}}],"inLanguage":"cs"}]}},"_links":{"self":[{"href":"https:\/\/www.hurom-europe.cz\/cs\/wp-json\/wp\/v2\/product\/3465","targetHints":{"allow":["GET"]}}],"collection":[{"href":"https:\/\/www.hurom-europe.cz\/cs\/wp-json\/wp\/v2\/product"}],"about":[{"href":"https:\/\/www.hurom-europe.cz\/cs\/wp-json\/wp\/v2\/types\/product"}],"replies":[{"embeddable":true,"href":"https:\/\/www.hurom-europe.cz\/cs\/wp-json\/wp\/v2\/comments?post=3465"}],"version-history":[{"count":5,"href":"https:\/\/www.hurom-europe.cz\/cs\/wp-json\/wp\/v2\/product\/3465\/revisions"}],"predecessor-version":[{"id":9312,"href":"https:\/\/www.hurom-europe.cz\/cs\/wp-json\/wp\/v2\/product\/3465\/revisions\/9312"}],"wp:featuredmedia":[{"embeddable":true,"href":"https:\/\/www.hurom-europe.cz\/cs\/wp-json\/wp\/v2\/media\/1748"}],"wp:attachment":[{"href":"https:\/\/www.hurom-europe.cz\/cs\/wp-json\/wp\/v2\/media?parent=3465"}],"wp:term":[{"taxonomy":"product_brand","embeddable":true,"href":"https:\/\/www.hurom-europe.cz\/cs\/wp-json\/wp\/v2\/product_brand?post=3465"},{"taxonomy":"product_cat","embeddable":true,"href":"https:\/\/www.hurom-europe.cz\/cs\/wp-json\/wp\/v2\/product_cat?post=3465"},{"taxonomy":"product_tag","embeddable":true,"href":"https:\/\/www.hurom-europe.cz\/cs\/wp-json\/wp\/v2\/product_tag?post=3465"}],"curies":[{"name":"wp","href":"https:\/\/api.w.org\/{rel}","templated":true}]}}