{"id":3335,"date":"2025-02-20T09:24:41","date_gmt":"2025-02-20T08:24:41","guid":{"rendered":"http:\/\/www.hurom-europe.cz\/story\/our-vision\/"},"modified":"2025-04-23T17:15:48","modified_gmt":"2025-04-23T15:15:48","slug":"nase-vize","status":"publish","type":"page","link":"https:\/\/www.hurom-europe.cz\/cs\/pribeh\/nase-vize\/","title":{"rendered":"Na\u0161e vize"},"content":{"rendered":"","protected":false},"excerpt":{"rendered":"","protected":false},"author":1,"featured_media":0,"parent":3328,"menu_order":0,"comment_status":"closed","ping_status":"closed","template":"page-flexible.php","meta":{"_acf_changed":false,"inline_featured_image":false,"_monsterinsights_skip_tracking":false,"_monsterinsights_sitenote_active":false,"_monsterinsights_sitenote_note":"","_monsterinsights_sitenote_category":0,"footnotes":""},"class_list":["post-3335","page","type-page","status-publish","hentry"],"acf":[],"yoast_head":"<!-- This site is optimized with the Yoast SEO plugin v27.5 - https:\/\/yoast.com\/product\/yoast-seo-wordpress\/ -->\n<title>Na\u0161e vize - Hurom Pomal\u00e9 od\u0161\u0165av\u0148ova\u010de<\/title>\n<meta name=\"description\" content=\"Hurom Pomal\u00e9 od\u0161\u0165av\u0148ova\u010de. Na\u0161e vize Va\u0161e zdrav\u00ed, na\u0161e priorita. Zt\u011bles\u0148ujeme touhu p\u0159in\u00e1\u0161et zdravotn\u00ed benefity v\u0161em lidem prost\u0159ednictv\u00edm technologi\u00ed.\" \/>\n<meta name=\"robots\" content=\"index, follow, max-snippet:-1, max-image-preview:large, max-video-preview:-1\" \/>\n<link rel=\"canonical\" href=\"https:\/\/www.hurom-europe.cz\/story\/our-vision\/\" \/>\n<meta property=\"og:locale\" content=\"cs_CZ\" \/>\n<meta property=\"og:type\" content=\"article\" \/>\n<meta property=\"og:title\" content=\"Na\u0161e vize - Hurom Pomal\u00e9 od\u0161\u0165av\u0148ova\u010de\" \/>\n<meta property=\"og:description\" content=\"Hurom Pomal\u00e9 od\u0161\u0165av\u0148ova\u010de. Na\u0161e vize Va\u0161e zdrav\u00ed, na\u0161e priorita. Zt\u011bles\u0148ujeme touhu p\u0159in\u00e1\u0161et zdravotn\u00ed benefity v\u0161em lidem prost\u0159ednictv\u00edm technologi\u00ed.\" \/>\n<meta property=\"og:url\" content=\"https:\/\/www.hurom-europe.cz\/story\/our-vision\/\" \/>\n<meta property=\"og:site_name\" content=\"Hurom\" \/>\n<meta property=\"article:modified_time\" content=\"2025-04-23T15:15:48+00:00\" \/>\n<meta name=\"twitter:card\" content=\"summary_large_image\" \/>\n<meta name=\"twitter:label1\" content=\"Odhadovan\u00e1 doba \u010dten\u00ed\" \/>\n\t<meta name=\"twitter:data1\" content=\"4 minuty\" \/>\n<script type=\"application\/ld+json\" class=\"yoast-schema-graph\">{\"@context\":\"https:\\\/\\\/schema.org\",\"@graph\":[{\"@type\":\"WebPage\",\"@id\":\"https:\\\/\\\/www.hurom-europe.cz\\\/story\\\/our-vision\\\/\",\"url\":\"https:\\\/\\\/www.hurom-europe.cz\\\/story\\\/our-vision\\\/\",\"name\":\"Na\u0161e vize - Hurom Pomal\u00e9 od\u0161\u0165av\u0148ova\u010de\",\"isPartOf\":{\"@id\":\"https:\\\/\\\/www.hurom-europe.cz\\\/#website\"},\"datePublished\":\"2025-02-20T08:24:41+00:00\",\"dateModified\":\"2025-04-23T15:15:48+00:00\",\"description\":\"Hurom Pomal\u00e9 od\u0161\u0165av\u0148ova\u010de. Na\u0161e vize Va\u0161e zdrav\u00ed, na\u0161e priorita. Zt\u011bles\u0148ujeme touhu p\u0159in\u00e1\u0161et zdravotn\u00ed benefity v\u0161em lidem prost\u0159ednictv\u00edm technologi\u00ed.\",\"breadcrumb\":{\"@id\":\"https:\\\/\\\/www.hurom-europe.cz\\\/story\\\/our-vision\\\/#breadcrumb\"},\"inLanguage\":\"cs\",\"potentialAction\":[{\"@type\":\"ReadAction\",\"target\":[\"https:\\\/\\\/www.hurom-europe.cz\\\/story\\\/our-vision\\\/\"]}]},{\"@type\":\"BreadcrumbList\",\"@id\":\"https:\\\/\\\/www.hurom-europe.cz\\\/story\\\/our-vision\\\/#breadcrumb\",\"itemListElement\":[{\"@type\":\"ListItem\",\"position\":1,\"name\":\"Home\",\"item\":\"https:\\\/\\\/www.hurom-europe.cz\\\/cs\\\/\"},{\"@type\":\"ListItem\",\"position\":2,\"name\":\"P\u0159\u00edb\u011bh\",\"item\":\"https:\\\/\\\/www.hurom-europe.cz\\\/story\\\/\"},{\"@type\":\"ListItem\",\"position\":3,\"name\":\"Na\u0161e vize\"}]},{\"@type\":\"WebSite\",\"@id\":\"https:\\\/\\\/www.hurom-europe.cz\\\/#website\",\"url\":\"https:\\\/\\\/www.hurom-europe.cz\\\/\",\"name\":\"Hurom\",\"description\":\"Slow Juicers and Juicing Accessories\",\"potentialAction\":[{\"@type\":\"SearchAction\",\"target\":{\"@type\":\"EntryPoint\",\"urlTemplate\":\"https:\\\/\\\/www.hurom-europe.cz\\\/?s={search_term_string}\"},\"query-input\":{\"@type\":\"PropertyValueSpecification\",\"valueRequired\":true,\"valueName\":\"search_term_string\"}}],\"inLanguage\":\"cs\"}]}<\/script>\n<!-- \/ Yoast SEO plugin. -->","yoast_head_json":{"title":"Na\u0161e vize - Hurom Pomal\u00e9 od\u0161\u0165av\u0148ova\u010de","description":"Hurom Pomal\u00e9 od\u0161\u0165av\u0148ova\u010de. Na\u0161e vize Va\u0161e zdrav\u00ed, na\u0161e priorita. Zt\u011bles\u0148ujeme touhu p\u0159in\u00e1\u0161et zdravotn\u00ed benefity v\u0161em lidem prost\u0159ednictv\u00edm technologi\u00ed.","robots":{"index":"index","follow":"follow","max-snippet":"max-snippet:-1","max-image-preview":"max-image-preview:large","max-video-preview":"max-video-preview:-1"},"canonical":"https:\/\/www.hurom-europe.cz\/story\/our-vision\/","og_locale":"cs_CZ","og_type":"article","og_title":"Na\u0161e vize - Hurom Pomal\u00e9 od\u0161\u0165av\u0148ova\u010de","og_description":"Hurom Pomal\u00e9 od\u0161\u0165av\u0148ova\u010de. Na\u0161e vize Va\u0161e zdrav\u00ed, na\u0161e priorita. Zt\u011bles\u0148ujeme touhu p\u0159in\u00e1\u0161et zdravotn\u00ed benefity v\u0161em lidem prost\u0159ednictv\u00edm technologi\u00ed.","og_url":"https:\/\/www.hurom-europe.cz\/story\/our-vision\/","og_site_name":"Hurom","article_modified_time":"2025-04-23T15:15:48+00:00","twitter_card":"summary_large_image","twitter_misc":{"Odhadovan\u00e1 doba \u010dten\u00ed":"4 minuty"},"schema":{"@context":"https:\/\/schema.org","@graph":[{"@type":"WebPage","@id":"https:\/\/www.hurom-europe.cz\/story\/our-vision\/","url":"https:\/\/www.hurom-europe.cz\/story\/our-vision\/","name":"Na\u0161e vize - Hurom Pomal\u00e9 od\u0161\u0165av\u0148ova\u010de","isPartOf":{"@id":"https:\/\/www.hurom-europe.cz\/#website"},"datePublished":"2025-02-20T08:24:41+00:00","dateModified":"2025-04-23T15:15:48+00:00","description":"Hurom Pomal\u00e9 od\u0161\u0165av\u0148ova\u010de. Na\u0161e vize Va\u0161e zdrav\u00ed, na\u0161e priorita. Zt\u011bles\u0148ujeme touhu p\u0159in\u00e1\u0161et zdravotn\u00ed benefity v\u0161em lidem prost\u0159ednictv\u00edm technologi\u00ed.","breadcrumb":{"@id":"https:\/\/www.hurom-europe.cz\/story\/our-vision\/#breadcrumb"},"inLanguage":"cs","potentialAction":[{"@type":"ReadAction","target":["https:\/\/www.hurom-europe.cz\/story\/our-vision\/"]}]},{"@type":"BreadcrumbList","@id":"https:\/\/www.hurom-europe.cz\/story\/our-vision\/#breadcrumb","itemListElement":[{"@type":"ListItem","position":1,"name":"Home","item":"https:\/\/www.hurom-europe.cz\/cs\/"},{"@type":"ListItem","position":2,"name":"P\u0159\u00edb\u011bh","item":"https:\/\/www.hurom-europe.cz\/story\/"},{"@type":"ListItem","position":3,"name":"Na\u0161e vize"}]},{"@type":"WebSite","@id":"https:\/\/www.hurom-europe.cz\/#website","url":"https:\/\/www.hurom-europe.cz\/","name":"Hurom","description":"Slow Juicers and Juicing Accessories","potentialAction":[{"@type":"SearchAction","target":{"@type":"EntryPoint","urlTemplate":"https:\/\/www.hurom-europe.cz\/?s={search_term_string}"},"query-input":{"@type":"PropertyValueSpecification","valueRequired":true,"valueName":"search_term_string"}}],"inLanguage":"cs"}]}},"_links":{"self":[{"href":"https:\/\/www.hurom-europe.cz\/cs\/wp-json\/wp\/v2\/pages\/3335","targetHints":{"allow":["GET"]}}],"collection":[{"href":"https:\/\/www.hurom-europe.cz\/cs\/wp-json\/wp\/v2\/pages"}],"about":[{"href":"https:\/\/www.hurom-europe.cz\/cs\/wp-json\/wp\/v2\/types\/page"}],"author":[{"embeddable":true,"href":"https:\/\/www.hurom-europe.cz\/cs\/wp-json\/wp\/v2\/users\/1"}],"replies":[{"embeddable":true,"href":"https:\/\/www.hurom-europe.cz\/cs\/wp-json\/wp\/v2\/comments?post=3335"}],"version-history":[{"count":5,"href":"https:\/\/www.hurom-europe.cz\/cs\/wp-json\/wp\/v2\/pages\/3335\/revisions"}],"predecessor-version":[{"id":3553,"href":"https:\/\/www.hurom-europe.cz\/cs\/wp-json\/wp\/v2\/pages\/3335\/revisions\/3553"}],"up":[{"embeddable":true,"href":"https:\/\/www.hurom-europe.cz\/cs\/wp-json\/wp\/v2\/pages\/3328"}],"wp:attachment":[{"href":"https:\/\/www.hurom-europe.cz\/cs\/wp-json\/wp\/v2\/media?parent=3335"}],"curies":[{"name":"wp","href":"https:\/\/api.w.org\/{rel}","templated":true}]}}