{"id":3333,"date":"2025-02-19T21:58:38","date_gmt":"2025-02-19T20:58:38","guid":{"rendered":"http:\/\/www.hurom-europe.cz\/story\/our-heritage\/"},"modified":"2025-04-23T17:12:54","modified_gmt":"2025-04-23T15:12:54","slug":"our-heritage","status":"publish","type":"page","link":"https:\/\/www.hurom-europe.cz\/cs\/pribeh\/our-heritage\/","title":{"rendered":"Na\u0161e d\u011bdictv\u00ed"},"content":{"rendered":"","protected":false},"excerpt":{"rendered":"","protected":false},"author":1,"featured_media":0,"parent":3328,"menu_order":0,"comment_status":"closed","ping_status":"closed","template":"page-flexible.php","meta":{"_acf_changed":false,"inline_featured_image":false,"_monsterinsights_skip_tracking":false,"_monsterinsights_sitenote_active":false,"_monsterinsights_sitenote_note":"","_monsterinsights_sitenote_category":0,"footnotes":""},"class_list":["post-3333","page","type-page","status-publish","hentry"],"acf":[],"yoast_head":"<!-- This site is optimized with the Yoast SEO plugin v27.5 - https:\/\/yoast.com\/product\/yoast-seo-wordpress\/ -->\n<title>Na\u0161e d\u011bdictv\u00ed - Hurom Pomal\u00e9 od\u0161\u0165av\u0148ova\u010de<\/title>\n<meta name=\"description\" content=\"Hurom Pomal\u00e9 od\u0161\u0165av\u0148ova\u010de. Na\u0161e d\u011bdictv\u00ed Od roku 1974 \u2013 v srdci dne\u0161n\u00edho Huromu existuje jen p\u0159\u00edroda a zdrav\u00ed.\u201ePrvn\u00ed na sv\u011bt\u011b\u201c Ne\u00fanavn\u00e9 odhodl\u00e1n\u00ed pro zdrav\u00ed.\" \/>\n<meta name=\"robots\" content=\"index, follow, max-snippet:-1, max-image-preview:large, max-video-preview:-1\" \/>\n<link rel=\"canonical\" href=\"https:\/\/www.hurom-europe.cz\/story\/our-heritage\/\" \/>\n<meta property=\"og:locale\" content=\"cs_CZ\" \/>\n<meta property=\"og:type\" content=\"article\" \/>\n<meta property=\"og:title\" content=\"Na\u0161e d\u011bdictv\u00ed - Hurom Pomal\u00e9 od\u0161\u0165av\u0148ova\u010de\" \/>\n<meta property=\"og:description\" content=\"Hurom Pomal\u00e9 od\u0161\u0165av\u0148ova\u010de. Na\u0161e d\u011bdictv\u00ed Od roku 1974 \u2013 v srdci dne\u0161n\u00edho Huromu existuje jen p\u0159\u00edroda a zdrav\u00ed.\u201ePrvn\u00ed na sv\u011bt\u011b\u201c Ne\u00fanavn\u00e9 odhodl\u00e1n\u00ed pro zdrav\u00ed.\" \/>\n<meta property=\"og:url\" content=\"https:\/\/www.hurom-europe.cz\/story\/our-heritage\/\" \/>\n<meta property=\"og:site_name\" content=\"Hurom\" \/>\n<meta property=\"article:modified_time\" content=\"2025-04-23T15:12:54+00:00\" \/>\n<meta name=\"twitter:card\" content=\"summary_large_image\" \/>\n<meta name=\"twitter:label1\" content=\"Odhadovan\u00e1 doba \u010dten\u00ed\" \/>\n\t<meta name=\"twitter:data1\" content=\"4 minuty\" \/>\n<script type=\"application\/ld+json\" class=\"yoast-schema-graph\">{\"@context\":\"https:\\\/\\\/schema.org\",\"@graph\":[{\"@type\":\"WebPage\",\"@id\":\"https:\\\/\\\/www.hurom-europe.cz\\\/story\\\/our-heritage\\\/\",\"url\":\"https:\\\/\\\/www.hurom-europe.cz\\\/story\\\/our-heritage\\\/\",\"name\":\"Na\u0161e d\u011bdictv\u00ed - Hurom Pomal\u00e9 od\u0161\u0165av\u0148ova\u010de\",\"isPartOf\":{\"@id\":\"https:\\\/\\\/www.hurom-europe.cz\\\/#website\"},\"datePublished\":\"2025-02-19T20:58:38+00:00\",\"dateModified\":\"2025-04-23T15:12:54+00:00\",\"description\":\"Hurom Pomal\u00e9 od\u0161\u0165av\u0148ova\u010de. Na\u0161e d\u011bdictv\u00ed Od roku 1974 \u2013 v srdci dne\u0161n\u00edho Huromu existuje jen p\u0159\u00edroda a zdrav\u00ed.\u201ePrvn\u00ed na sv\u011bt\u011b\u201c Ne\u00fanavn\u00e9 odhodl\u00e1n\u00ed pro zdrav\u00ed.\",\"breadcrumb\":{\"@id\":\"https:\\\/\\\/www.hurom-europe.cz\\\/story\\\/our-heritage\\\/#breadcrumb\"},\"inLanguage\":\"cs\",\"potentialAction\":[{\"@type\":\"ReadAction\",\"target\":[\"https:\\\/\\\/www.hurom-europe.cz\\\/story\\\/our-heritage\\\/\"]}]},{\"@type\":\"BreadcrumbList\",\"@id\":\"https:\\\/\\\/www.hurom-europe.cz\\\/story\\\/our-heritage\\\/#breadcrumb\",\"itemListElement\":[{\"@type\":\"ListItem\",\"position\":1,\"name\":\"Home\",\"item\":\"https:\\\/\\\/www.hurom-europe.cz\\\/cs\\\/\"},{\"@type\":\"ListItem\",\"position\":2,\"name\":\"P\u0159\u00edb\u011bh\",\"item\":\"https:\\\/\\\/www.hurom-europe.cz\\\/story\\\/\"},{\"@type\":\"ListItem\",\"position\":3,\"name\":\"Na\u0161e d\u011bdictv\u00ed\"}]},{\"@type\":\"WebSite\",\"@id\":\"https:\\\/\\\/www.hurom-europe.cz\\\/#website\",\"url\":\"https:\\\/\\\/www.hurom-europe.cz\\\/\",\"name\":\"Hurom\",\"description\":\"Slow Juicers and Juicing Accessories\",\"potentialAction\":[{\"@type\":\"SearchAction\",\"target\":{\"@type\":\"EntryPoint\",\"urlTemplate\":\"https:\\\/\\\/www.hurom-europe.cz\\\/?s={search_term_string}\"},\"query-input\":{\"@type\":\"PropertyValueSpecification\",\"valueRequired\":true,\"valueName\":\"search_term_string\"}}],\"inLanguage\":\"cs\"}]}<\/script>\n<!-- \/ Yoast SEO plugin. -->","yoast_head_json":{"title":"Na\u0161e d\u011bdictv\u00ed - Hurom Pomal\u00e9 od\u0161\u0165av\u0148ova\u010de","description":"Hurom Pomal\u00e9 od\u0161\u0165av\u0148ova\u010de. Na\u0161e d\u011bdictv\u00ed Od roku 1974 \u2013 v srdci dne\u0161n\u00edho Huromu existuje jen p\u0159\u00edroda a zdrav\u00ed.\u201ePrvn\u00ed na sv\u011bt\u011b\u201c Ne\u00fanavn\u00e9 odhodl\u00e1n\u00ed pro zdrav\u00ed.","robots":{"index":"index","follow":"follow","max-snippet":"max-snippet:-1","max-image-preview":"max-image-preview:large","max-video-preview":"max-video-preview:-1"},"canonical":"https:\/\/www.hurom-europe.cz\/story\/our-heritage\/","og_locale":"cs_CZ","og_type":"article","og_title":"Na\u0161e d\u011bdictv\u00ed - Hurom Pomal\u00e9 od\u0161\u0165av\u0148ova\u010de","og_description":"Hurom Pomal\u00e9 od\u0161\u0165av\u0148ova\u010de. Na\u0161e d\u011bdictv\u00ed Od roku 1974 \u2013 v srdci dne\u0161n\u00edho Huromu existuje jen p\u0159\u00edroda a zdrav\u00ed.\u201ePrvn\u00ed na sv\u011bt\u011b\u201c Ne\u00fanavn\u00e9 odhodl\u00e1n\u00ed pro zdrav\u00ed.","og_url":"https:\/\/www.hurom-europe.cz\/story\/our-heritage\/","og_site_name":"Hurom","article_modified_time":"2025-04-23T15:12:54+00:00","twitter_card":"summary_large_image","twitter_misc":{"Odhadovan\u00e1 doba \u010dten\u00ed":"4 minuty"},"schema":{"@context":"https:\/\/schema.org","@graph":[{"@type":"WebPage","@id":"https:\/\/www.hurom-europe.cz\/story\/our-heritage\/","url":"https:\/\/www.hurom-europe.cz\/story\/our-heritage\/","name":"Na\u0161e d\u011bdictv\u00ed - Hurom Pomal\u00e9 od\u0161\u0165av\u0148ova\u010de","isPartOf":{"@id":"https:\/\/www.hurom-europe.cz\/#website"},"datePublished":"2025-02-19T20:58:38+00:00","dateModified":"2025-04-23T15:12:54+00:00","description":"Hurom Pomal\u00e9 od\u0161\u0165av\u0148ova\u010de. Na\u0161e d\u011bdictv\u00ed Od roku 1974 \u2013 v srdci dne\u0161n\u00edho Huromu existuje jen p\u0159\u00edroda a zdrav\u00ed.\u201ePrvn\u00ed na sv\u011bt\u011b\u201c Ne\u00fanavn\u00e9 odhodl\u00e1n\u00ed pro zdrav\u00ed.","breadcrumb":{"@id":"https:\/\/www.hurom-europe.cz\/story\/our-heritage\/#breadcrumb"},"inLanguage":"cs","potentialAction":[{"@type":"ReadAction","target":["https:\/\/www.hurom-europe.cz\/story\/our-heritage\/"]}]},{"@type":"BreadcrumbList","@id":"https:\/\/www.hurom-europe.cz\/story\/our-heritage\/#breadcrumb","itemListElement":[{"@type":"ListItem","position":1,"name":"Home","item":"https:\/\/www.hurom-europe.cz\/cs\/"},{"@type":"ListItem","position":2,"name":"P\u0159\u00edb\u011bh","item":"https:\/\/www.hurom-europe.cz\/story\/"},{"@type":"ListItem","position":3,"name":"Na\u0161e d\u011bdictv\u00ed"}]},{"@type":"WebSite","@id":"https:\/\/www.hurom-europe.cz\/#website","url":"https:\/\/www.hurom-europe.cz\/","name":"Hurom","description":"Slow Juicers and Juicing Accessories","potentialAction":[{"@type":"SearchAction","target":{"@type":"EntryPoint","urlTemplate":"https:\/\/www.hurom-europe.cz\/?s={search_term_string}"},"query-input":{"@type":"PropertyValueSpecification","valueRequired":true,"valueName":"search_term_string"}}],"inLanguage":"cs"}]}},"_links":{"self":[{"href":"https:\/\/www.hurom-europe.cz\/cs\/wp-json\/wp\/v2\/pages\/3333","targetHints":{"allow":["GET"]}}],"collection":[{"href":"https:\/\/www.hurom-europe.cz\/cs\/wp-json\/wp\/v2\/pages"}],"about":[{"href":"https:\/\/www.hurom-europe.cz\/cs\/wp-json\/wp\/v2\/types\/page"}],"author":[{"embeddable":true,"href":"https:\/\/www.hurom-europe.cz\/cs\/wp-json\/wp\/v2\/users\/1"}],"replies":[{"embeddable":true,"href":"https:\/\/www.hurom-europe.cz\/cs\/wp-json\/wp\/v2\/comments?post=3333"}],"version-history":[{"count":5,"href":"https:\/\/www.hurom-europe.cz\/cs\/wp-json\/wp\/v2\/pages\/3333\/revisions"}],"predecessor-version":[{"id":3581,"href":"https:\/\/www.hurom-europe.cz\/cs\/wp-json\/wp\/v2\/pages\/3333\/revisions\/3581"}],"up":[{"embeddable":true,"href":"https:\/\/www.hurom-europe.cz\/cs\/wp-json\/wp\/v2\/pages\/3328"}],"wp:attachment":[{"href":"https:\/\/www.hurom-europe.cz\/cs\/wp-json\/wp\/v2\/media?parent=3333"}],"curies":[{"name":"wp","href":"https:\/\/api.w.org\/{rel}","templated":true}]}}