{"id":3332,"date":"2025-02-20T10:54:11","date_gmt":"2025-02-20T09:54:11","guid":{"rendered":"http:\/\/www.hurom-europe.cz\/story\/fresh-fruits-vegetables\/"},"modified":"2025-04-23T17:11:08","modified_gmt":"2025-04-23T15:11:08","slug":"ovoce-a-zelenina","status":"publish","type":"page","link":"https:\/\/www.hurom-europe.cz\/cs\/pribeh\/ovoce-a-zelenina\/","title":{"rendered":"\u010cerstv\u00e9 ovoce a zelenina"},"content":{"rendered":"","protected":false},"excerpt":{"rendered":"","protected":false},"author":1,"featured_media":0,"parent":3328,"menu_order":0,"comment_status":"closed","ping_status":"closed","template":"page-flexible.php","meta":{"_acf_changed":false,"inline_featured_image":false,"_monsterinsights_skip_tracking":false,"_monsterinsights_sitenote_active":false,"_monsterinsights_sitenote_note":"","_monsterinsights_sitenote_category":0,"footnotes":""},"class_list":["post-3332","page","type-page","status-publish","hentry"],"acf":[],"yoast_head":"<!-- This site is optimized with the Yoast SEO plugin v27.5 - https:\/\/yoast.com\/product\/yoast-seo-wordpress\/ -->\n<title>\u010cerstv\u00e9 ovoce a zelenina - Hurom<\/title>\n<meta name=\"description\" content=\"\u010cerstv\u00e9 ovoce a zelenina P\u0159id\u00e1v\u00e1n\u00ed rozmanit\u00e9ho \u010derstv\u00e9ho ovoce a zeleniny do ka\u017edodenn\u00edho \u017eivota. Zdrav\u00ed je z\u00e1kladem \u0161t\u011bst\u00ed Ke \u0161\u0165astn\u00e9mu \u017eivotu pot\u0159ebujeme zdrav\u00ed. Dlouh\u00fd a zdrav\u00fd \u017eivot je p\u0159\u00e1n\u00edm ka\u017ed\u00e9ho, a zdrav\u00ed si nelze koupit za pen\u00edze.Usilujeme o n\u011bj pravideln\u00fdm pohybem, kvalitn\u00ed stravou, dobr\u00fdm sp\u00e1nkem a vyh\u00fdb\u00e1n\u00edm se kou\u0159en\u00ed a alkoholu.Ale uv\u00e9st to do praxe nen\u00ed v\u016fbec snadn\u00e9.\" \/>\n<meta name=\"robots\" content=\"index, follow, max-snippet:-1, max-image-preview:large, max-video-preview:-1\" \/>\n<link rel=\"canonical\" href=\"https:\/\/www.hurom-europe.cz\/story\/fresh-fruits-vegetables\/\" \/>\n<meta property=\"og:locale\" content=\"cs_CZ\" \/>\n<meta property=\"og:type\" content=\"article\" \/>\n<meta property=\"og:title\" content=\"\u010cerstv\u00e9 ovoce a zelenina - Hurom\" \/>\n<meta property=\"og:description\" content=\"\u010cerstv\u00e9 ovoce a zelenina P\u0159id\u00e1v\u00e1n\u00ed rozmanit\u00e9ho \u010derstv\u00e9ho ovoce a zeleniny do ka\u017edodenn\u00edho \u017eivota. Zdrav\u00ed je z\u00e1kladem \u0161t\u011bst\u00ed Ke \u0161\u0165astn\u00e9mu \u017eivotu pot\u0159ebujeme zdrav\u00ed. Dlouh\u00fd a zdrav\u00fd \u017eivot je p\u0159\u00e1n\u00edm ka\u017ed\u00e9ho, a zdrav\u00ed si nelze koupit za pen\u00edze.Usilujeme o n\u011bj pravideln\u00fdm pohybem, kvalitn\u00ed stravou, dobr\u00fdm sp\u00e1nkem a vyh\u00fdb\u00e1n\u00edm se kou\u0159en\u00ed a alkoholu.Ale uv\u00e9st to do praxe nen\u00ed v\u016fbec snadn\u00e9.\" \/>\n<meta property=\"og:url\" content=\"https:\/\/www.hurom-europe.cz\/story\/fresh-fruits-vegetables\/\" \/>\n<meta property=\"og:site_name\" content=\"Hurom\" \/>\n<meta property=\"article:modified_time\" content=\"2025-04-23T15:11:08+00:00\" \/>\n<meta name=\"twitter:card\" content=\"summary_large_image\" \/>\n<meta name=\"twitter:label1\" content=\"Odhadovan\u00e1 doba \u010dten\u00ed\" \/>\n\t<meta name=\"twitter:data1\" content=\"5 minut\" \/>\n<script type=\"application\/ld+json\" class=\"yoast-schema-graph\">{\"@context\":\"https:\\\/\\\/schema.org\",\"@graph\":[{\"@type\":\"WebPage\",\"@id\":\"https:\\\/\\\/www.hurom-europe.cz\\\/story\\\/fresh-fruits-vegetables\\\/\",\"url\":\"https:\\\/\\\/www.hurom-europe.cz\\\/story\\\/fresh-fruits-vegetables\\\/\",\"name\":\"\u010cerstv\u00e9 ovoce a zelenina - Hurom\",\"isPartOf\":{\"@id\":\"https:\\\/\\\/www.hurom-europe.cz\\\/#website\"},\"datePublished\":\"2025-02-20T09:54:11+00:00\",\"dateModified\":\"2025-04-23T15:11:08+00:00\",\"description\":\"\u010cerstv\u00e9 ovoce a zelenina P\u0159id\u00e1v\u00e1n\u00ed rozmanit\u00e9ho \u010derstv\u00e9ho ovoce a zeleniny do ka\u017edodenn\u00edho \u017eivota. Zdrav\u00ed je z\u00e1kladem \u0161t\u011bst\u00ed Ke \u0161\u0165astn\u00e9mu \u017eivotu pot\u0159ebujeme zdrav\u00ed. Dlouh\u00fd a zdrav\u00fd \u017eivot je p\u0159\u00e1n\u00edm ka\u017ed\u00e9ho, a zdrav\u00ed si nelze koupit za pen\u00edze.Usilujeme o n\u011bj pravideln\u00fdm pohybem, kvalitn\u00ed stravou, dobr\u00fdm sp\u00e1nkem a vyh\u00fdb\u00e1n\u00edm se kou\u0159en\u00ed a alkoholu.Ale uv\u00e9st to do praxe nen\u00ed v\u016fbec snadn\u00e9.\",\"breadcrumb\":{\"@id\":\"https:\\\/\\\/www.hurom-europe.cz\\\/story\\\/fresh-fruits-vegetables\\\/#breadcrumb\"},\"inLanguage\":\"cs\",\"potentialAction\":[{\"@type\":\"ReadAction\",\"target\":[\"https:\\\/\\\/www.hurom-europe.cz\\\/story\\\/fresh-fruits-vegetables\\\/\"]}]},{\"@type\":\"BreadcrumbList\",\"@id\":\"https:\\\/\\\/www.hurom-europe.cz\\\/story\\\/fresh-fruits-vegetables\\\/#breadcrumb\",\"itemListElement\":[{\"@type\":\"ListItem\",\"position\":1,\"name\":\"Home\",\"item\":\"https:\\\/\\\/www.hurom-europe.cz\\\/cs\\\/\"},{\"@type\":\"ListItem\",\"position\":2,\"name\":\"P\u0159\u00edb\u011bh\",\"item\":\"https:\\\/\\\/www.hurom-europe.cz\\\/story\\\/\"},{\"@type\":\"ListItem\",\"position\":3,\"name\":\"\u010cerstv\u00e9 ovoce a zelenina\"}]},{\"@type\":\"WebSite\",\"@id\":\"https:\\\/\\\/www.hurom-europe.cz\\\/#website\",\"url\":\"https:\\\/\\\/www.hurom-europe.cz\\\/\",\"name\":\"Hurom\",\"description\":\"Slow Juicers and Juicing Accessories\",\"potentialAction\":[{\"@type\":\"SearchAction\",\"target\":{\"@type\":\"EntryPoint\",\"urlTemplate\":\"https:\\\/\\\/www.hurom-europe.cz\\\/?s={search_term_string}\"},\"query-input\":{\"@type\":\"PropertyValueSpecification\",\"valueRequired\":true,\"valueName\":\"search_term_string\"}}],\"inLanguage\":\"cs\"}]}<\/script>\n<!-- \/ Yoast SEO plugin. -->","yoast_head_json":{"title":"\u010cerstv\u00e9 ovoce a zelenina - Hurom","description":"\u010cerstv\u00e9 ovoce a zelenina P\u0159id\u00e1v\u00e1n\u00ed rozmanit\u00e9ho \u010derstv\u00e9ho ovoce a zeleniny do ka\u017edodenn\u00edho \u017eivota. Zdrav\u00ed je z\u00e1kladem \u0161t\u011bst\u00ed Ke \u0161\u0165astn\u00e9mu \u017eivotu pot\u0159ebujeme zdrav\u00ed. Dlouh\u00fd a zdrav\u00fd \u017eivot je p\u0159\u00e1n\u00edm ka\u017ed\u00e9ho, a zdrav\u00ed si nelze koupit za pen\u00edze.Usilujeme o n\u011bj pravideln\u00fdm pohybem, kvalitn\u00ed stravou, dobr\u00fdm sp\u00e1nkem a vyh\u00fdb\u00e1n\u00edm se kou\u0159en\u00ed a alkoholu.Ale uv\u00e9st to do praxe nen\u00ed v\u016fbec snadn\u00e9.","robots":{"index":"index","follow":"follow","max-snippet":"max-snippet:-1","max-image-preview":"max-image-preview:large","max-video-preview":"max-video-preview:-1"},"canonical":"https:\/\/www.hurom-europe.cz\/story\/fresh-fruits-vegetables\/","og_locale":"cs_CZ","og_type":"article","og_title":"\u010cerstv\u00e9 ovoce a zelenina - Hurom","og_description":"\u010cerstv\u00e9 ovoce a zelenina P\u0159id\u00e1v\u00e1n\u00ed rozmanit\u00e9ho \u010derstv\u00e9ho ovoce a zeleniny do ka\u017edodenn\u00edho \u017eivota. Zdrav\u00ed je z\u00e1kladem \u0161t\u011bst\u00ed Ke \u0161\u0165astn\u00e9mu \u017eivotu pot\u0159ebujeme zdrav\u00ed. Dlouh\u00fd a zdrav\u00fd \u017eivot je p\u0159\u00e1n\u00edm ka\u017ed\u00e9ho, a zdrav\u00ed si nelze koupit za pen\u00edze.Usilujeme o n\u011bj pravideln\u00fdm pohybem, kvalitn\u00ed stravou, dobr\u00fdm sp\u00e1nkem a vyh\u00fdb\u00e1n\u00edm se kou\u0159en\u00ed a alkoholu.Ale uv\u00e9st to do praxe nen\u00ed v\u016fbec snadn\u00e9.","og_url":"https:\/\/www.hurom-europe.cz\/story\/fresh-fruits-vegetables\/","og_site_name":"Hurom","article_modified_time":"2025-04-23T15:11:08+00:00","twitter_card":"summary_large_image","twitter_misc":{"Odhadovan\u00e1 doba \u010dten\u00ed":"5 minut"},"schema":{"@context":"https:\/\/schema.org","@graph":[{"@type":"WebPage","@id":"https:\/\/www.hurom-europe.cz\/story\/fresh-fruits-vegetables\/","url":"https:\/\/www.hurom-europe.cz\/story\/fresh-fruits-vegetables\/","name":"\u010cerstv\u00e9 ovoce a zelenina - Hurom","isPartOf":{"@id":"https:\/\/www.hurom-europe.cz\/#website"},"datePublished":"2025-02-20T09:54:11+00:00","dateModified":"2025-04-23T15:11:08+00:00","description":"\u010cerstv\u00e9 ovoce a zelenina P\u0159id\u00e1v\u00e1n\u00ed rozmanit\u00e9ho \u010derstv\u00e9ho ovoce a zeleniny do ka\u017edodenn\u00edho \u017eivota. Zdrav\u00ed je z\u00e1kladem \u0161t\u011bst\u00ed Ke \u0161\u0165astn\u00e9mu \u017eivotu pot\u0159ebujeme zdrav\u00ed. Dlouh\u00fd a zdrav\u00fd \u017eivot je p\u0159\u00e1n\u00edm ka\u017ed\u00e9ho, a zdrav\u00ed si nelze koupit za pen\u00edze.Usilujeme o n\u011bj pravideln\u00fdm pohybem, kvalitn\u00ed stravou, dobr\u00fdm sp\u00e1nkem a vyh\u00fdb\u00e1n\u00edm se kou\u0159en\u00ed a alkoholu.Ale uv\u00e9st to do praxe nen\u00ed v\u016fbec snadn\u00e9.","breadcrumb":{"@id":"https:\/\/www.hurom-europe.cz\/story\/fresh-fruits-vegetables\/#breadcrumb"},"inLanguage":"cs","potentialAction":[{"@type":"ReadAction","target":["https:\/\/www.hurom-europe.cz\/story\/fresh-fruits-vegetables\/"]}]},{"@type":"BreadcrumbList","@id":"https:\/\/www.hurom-europe.cz\/story\/fresh-fruits-vegetables\/#breadcrumb","itemListElement":[{"@type":"ListItem","position":1,"name":"Home","item":"https:\/\/www.hurom-europe.cz\/cs\/"},{"@type":"ListItem","position":2,"name":"P\u0159\u00edb\u011bh","item":"https:\/\/www.hurom-europe.cz\/story\/"},{"@type":"ListItem","position":3,"name":"\u010cerstv\u00e9 ovoce a zelenina"}]},{"@type":"WebSite","@id":"https:\/\/www.hurom-europe.cz\/#website","url":"https:\/\/www.hurom-europe.cz\/","name":"Hurom","description":"Slow Juicers and Juicing Accessories","potentialAction":[{"@type":"SearchAction","target":{"@type":"EntryPoint","urlTemplate":"https:\/\/www.hurom-europe.cz\/?s={search_term_string}"},"query-input":{"@type":"PropertyValueSpecification","valueRequired":true,"valueName":"search_term_string"}}],"inLanguage":"cs"}]}},"_links":{"self":[{"href":"https:\/\/www.hurom-europe.cz\/cs\/wp-json\/wp\/v2\/pages\/3332","targetHints":{"allow":["GET"]}}],"collection":[{"href":"https:\/\/www.hurom-europe.cz\/cs\/wp-json\/wp\/v2\/pages"}],"about":[{"href":"https:\/\/www.hurom-europe.cz\/cs\/wp-json\/wp\/v2\/types\/page"}],"author":[{"embeddable":true,"href":"https:\/\/www.hurom-europe.cz\/cs\/wp-json\/wp\/v2\/users\/1"}],"replies":[{"embeddable":true,"href":"https:\/\/www.hurom-europe.cz\/cs\/wp-json\/wp\/v2\/comments?post=3332"}],"version-history":[{"count":6,"href":"https:\/\/www.hurom-europe.cz\/cs\/wp-json\/wp\/v2\/pages\/3332\/revisions"}],"predecessor-version":[{"id":3563,"href":"https:\/\/www.hurom-europe.cz\/cs\/wp-json\/wp\/v2\/pages\/3332\/revisions\/3563"}],"up":[{"embeddable":true,"href":"https:\/\/www.hurom-europe.cz\/cs\/wp-json\/wp\/v2\/pages\/3328"}],"wp:attachment":[{"href":"https:\/\/www.hurom-europe.cz\/cs\/wp-json\/wp\/v2\/media?parent=3332"}],"curies":[{"name":"wp","href":"https:\/\/api.w.org\/{rel}","templated":true}]}}