{"id":3331,"date":"2025-02-20T09:14:13","date_gmt":"2025-02-20T08:14:13","guid":{"rendered":"http:\/\/www.hurom-europe.cz\/story\/ceo-story\/"},"modified":"2025-04-23T17:09:29","modified_gmt":"2025-04-23T15:09:29","slug":"ceo-pribeh","status":"publish","type":"page","link":"https:\/\/www.hurom-europe.cz\/cs\/pribeh\/ceo-pribeh\/","title":{"rendered":"CEO p\u0159\u00edb\u011bh"},"content":{"rendered":"","protected":false},"excerpt":{"rendered":"","protected":false},"author":1,"featured_media":0,"parent":3328,"menu_order":0,"comment_status":"closed","ping_status":"closed","template":"page-flexible.php","meta":{"_acf_changed":false,"inline_featured_image":false,"_monsterinsights_skip_tracking":false,"_monsterinsights_sitenote_active":false,"_monsterinsights_sitenote_note":"","_monsterinsights_sitenote_category":0,"footnotes":""},"class_list":["post-3331","page","type-page","status-publish","hentry"],"acf":[],"yoast_head":"<!-- This site is optimized with the Yoast SEO plugin v27.5 - https:\/\/yoast.com\/product\/yoast-seo-wordpress\/ -->\n<title>CEO p\u0159\u00edb\u011bh - Hurom<\/title>\n<meta name=\"description\" content=\"CEO p\u0159\u00edb\u011bh Va\u0161e zdrav\u00ed je na\u0161\u00ed prioritou. V\u011b\u0159\u00edme, \u017ee na\u0161e technologick\u00e9 pokroky obohat\u00ed a zlep\u0161\u00ed kvalitu lidsk\u00e9ho \u017eivota. V\u0161ichni \u010dlenov\u00e9 t\u00fdmu Hurom jsou oddan\u00ed hled\u00e1n\u00ed skute\u010dn\u00e9ho \u0161t\u011bst\u00ed a usiluj\u00ed o lep\u0161\u00ed a zdrav\u011bj\u0161\u00ed \u017eivot.Spole\u010dnost Hurom se zavazuje b\u00fdt v\u00e1m nabl\u00edzku \u2013 vyu\u017e\u00edv\u00e1 technologie, kter\u00e9 stav\u00ed va\u0161e zdrav\u00ed na prvn\u00ed m\u00edsto a p\u0159isp\u00edv\u00e1 na cest\u011b ka\u017ed\u00e9ho z n\u00e1s k dlouh\u00e9mu a zdrav\u00e9mu \u017eivotu.\" \/>\n<meta name=\"robots\" content=\"index, follow, max-snippet:-1, max-image-preview:large, max-video-preview:-1\" \/>\n<link rel=\"canonical\" href=\"https:\/\/www.hurom-europe.cz\/story\/ceo-story\/\" \/>\n<meta property=\"og:locale\" content=\"cs_CZ\" \/>\n<meta property=\"og:type\" content=\"article\" \/>\n<meta property=\"og:title\" content=\"CEO p\u0159\u00edb\u011bh - Hurom\" \/>\n<meta property=\"og:description\" content=\"CEO p\u0159\u00edb\u011bh Va\u0161e zdrav\u00ed je na\u0161\u00ed prioritou. V\u011b\u0159\u00edme, \u017ee na\u0161e technologick\u00e9 pokroky obohat\u00ed a zlep\u0161\u00ed kvalitu lidsk\u00e9ho \u017eivota. V\u0161ichni \u010dlenov\u00e9 t\u00fdmu Hurom jsou oddan\u00ed hled\u00e1n\u00ed skute\u010dn\u00e9ho \u0161t\u011bst\u00ed a usiluj\u00ed o lep\u0161\u00ed a zdrav\u011bj\u0161\u00ed \u017eivot.Spole\u010dnost Hurom se zavazuje b\u00fdt v\u00e1m nabl\u00edzku \u2013 vyu\u017e\u00edv\u00e1 technologie, kter\u00e9 stav\u00ed va\u0161e zdrav\u00ed na prvn\u00ed m\u00edsto a p\u0159isp\u00edv\u00e1 na cest\u011b ka\u017ed\u00e9ho z n\u00e1s k dlouh\u00e9mu a zdrav\u00e9mu \u017eivotu.\" \/>\n<meta property=\"og:url\" content=\"https:\/\/www.hurom-europe.cz\/story\/ceo-story\/\" \/>\n<meta property=\"og:site_name\" content=\"Hurom\" \/>\n<meta property=\"article:modified_time\" content=\"2025-04-23T15:09:29+00:00\" \/>\n<meta name=\"twitter:card\" content=\"summary_large_image\" \/>\n<meta name=\"twitter:label1\" content=\"Odhadovan\u00e1 doba \u010dten\u00ed\" \/>\n\t<meta name=\"twitter:data1\" content=\"3 minuty\" \/>\n<script type=\"application\/ld+json\" class=\"yoast-schema-graph\">{\"@context\":\"https:\\\/\\\/schema.org\",\"@graph\":[{\"@type\":\"WebPage\",\"@id\":\"https:\\\/\\\/www.hurom-europe.cz\\\/story\\\/ceo-story\\\/\",\"url\":\"https:\\\/\\\/www.hurom-europe.cz\\\/story\\\/ceo-story\\\/\",\"name\":\"CEO p\u0159\u00edb\u011bh - Hurom\",\"isPartOf\":{\"@id\":\"https:\\\/\\\/www.hurom-europe.cz\\\/#website\"},\"datePublished\":\"2025-02-20T08:14:13+00:00\",\"dateModified\":\"2025-04-23T15:09:29+00:00\",\"description\":\"CEO p\u0159\u00edb\u011bh Va\u0161e zdrav\u00ed je na\u0161\u00ed prioritou. V\u011b\u0159\u00edme, \u017ee na\u0161e technologick\u00e9 pokroky obohat\u00ed a zlep\u0161\u00ed kvalitu lidsk\u00e9ho \u017eivota. V\u0161ichni \u010dlenov\u00e9 t\u00fdmu Hurom jsou oddan\u00ed hled\u00e1n\u00ed skute\u010dn\u00e9ho \u0161t\u011bst\u00ed a usiluj\u00ed o lep\u0161\u00ed a zdrav\u011bj\u0161\u00ed \u017eivot.Spole\u010dnost Hurom se zavazuje b\u00fdt v\u00e1m nabl\u00edzku \u2013 vyu\u017e\u00edv\u00e1 technologie, kter\u00e9 stav\u00ed va\u0161e zdrav\u00ed na prvn\u00ed m\u00edsto a p\u0159isp\u00edv\u00e1 na cest\u011b ka\u017ed\u00e9ho z n\u00e1s k dlouh\u00e9mu a zdrav\u00e9mu \u017eivotu.\",\"breadcrumb\":{\"@id\":\"https:\\\/\\\/www.hurom-europe.cz\\\/story\\\/ceo-story\\\/#breadcrumb\"},\"inLanguage\":\"cs\",\"potentialAction\":[{\"@type\":\"ReadAction\",\"target\":[\"https:\\\/\\\/www.hurom-europe.cz\\\/story\\\/ceo-story\\\/\"]}]},{\"@type\":\"BreadcrumbList\",\"@id\":\"https:\\\/\\\/www.hurom-europe.cz\\\/story\\\/ceo-story\\\/#breadcrumb\",\"itemListElement\":[{\"@type\":\"ListItem\",\"position\":1,\"name\":\"Home\",\"item\":\"https:\\\/\\\/www.hurom-europe.cz\\\/cs\\\/\"},{\"@type\":\"ListItem\",\"position\":2,\"name\":\"P\u0159\u00edb\u011bh\",\"item\":\"https:\\\/\\\/www.hurom-europe.cz\\\/story\\\/\"},{\"@type\":\"ListItem\",\"position\":3,\"name\":\"CEO p\u0159\u00edb\u011bh\"}]},{\"@type\":\"WebSite\",\"@id\":\"https:\\\/\\\/www.hurom-europe.cz\\\/#website\",\"url\":\"https:\\\/\\\/www.hurom-europe.cz\\\/\",\"name\":\"Hurom\",\"description\":\"Slow Juicers and Juicing Accessories\",\"potentialAction\":[{\"@type\":\"SearchAction\",\"target\":{\"@type\":\"EntryPoint\",\"urlTemplate\":\"https:\\\/\\\/www.hurom-europe.cz\\\/?s={search_term_string}\"},\"query-input\":{\"@type\":\"PropertyValueSpecification\",\"valueRequired\":true,\"valueName\":\"search_term_string\"}}],\"inLanguage\":\"cs\"}]}<\/script>\n<!-- \/ Yoast SEO plugin. -->","yoast_head_json":{"title":"CEO p\u0159\u00edb\u011bh - Hurom","description":"CEO p\u0159\u00edb\u011bh Va\u0161e zdrav\u00ed je na\u0161\u00ed prioritou. V\u011b\u0159\u00edme, \u017ee na\u0161e technologick\u00e9 pokroky obohat\u00ed a zlep\u0161\u00ed kvalitu lidsk\u00e9ho \u017eivota. V\u0161ichni \u010dlenov\u00e9 t\u00fdmu Hurom jsou oddan\u00ed hled\u00e1n\u00ed skute\u010dn\u00e9ho \u0161t\u011bst\u00ed a usiluj\u00ed o lep\u0161\u00ed a zdrav\u011bj\u0161\u00ed \u017eivot.Spole\u010dnost Hurom se zavazuje b\u00fdt v\u00e1m nabl\u00edzku \u2013 vyu\u017e\u00edv\u00e1 technologie, kter\u00e9 stav\u00ed va\u0161e zdrav\u00ed na prvn\u00ed m\u00edsto a p\u0159isp\u00edv\u00e1 na cest\u011b ka\u017ed\u00e9ho z n\u00e1s k dlouh\u00e9mu a zdrav\u00e9mu \u017eivotu.","robots":{"index":"index","follow":"follow","max-snippet":"max-snippet:-1","max-image-preview":"max-image-preview:large","max-video-preview":"max-video-preview:-1"},"canonical":"https:\/\/www.hurom-europe.cz\/story\/ceo-story\/","og_locale":"cs_CZ","og_type":"article","og_title":"CEO p\u0159\u00edb\u011bh - Hurom","og_description":"CEO p\u0159\u00edb\u011bh Va\u0161e zdrav\u00ed je na\u0161\u00ed prioritou. V\u011b\u0159\u00edme, \u017ee na\u0161e technologick\u00e9 pokroky obohat\u00ed a zlep\u0161\u00ed kvalitu lidsk\u00e9ho \u017eivota. V\u0161ichni \u010dlenov\u00e9 t\u00fdmu Hurom jsou oddan\u00ed hled\u00e1n\u00ed skute\u010dn\u00e9ho \u0161t\u011bst\u00ed a usiluj\u00ed o lep\u0161\u00ed a zdrav\u011bj\u0161\u00ed \u017eivot.Spole\u010dnost Hurom se zavazuje b\u00fdt v\u00e1m nabl\u00edzku \u2013 vyu\u017e\u00edv\u00e1 technologie, kter\u00e9 stav\u00ed va\u0161e zdrav\u00ed na prvn\u00ed m\u00edsto a p\u0159isp\u00edv\u00e1 na cest\u011b ka\u017ed\u00e9ho z n\u00e1s k dlouh\u00e9mu a zdrav\u00e9mu \u017eivotu.","og_url":"https:\/\/www.hurom-europe.cz\/story\/ceo-story\/","og_site_name":"Hurom","article_modified_time":"2025-04-23T15:09:29+00:00","twitter_card":"summary_large_image","twitter_misc":{"Odhadovan\u00e1 doba \u010dten\u00ed":"3 minuty"},"schema":{"@context":"https:\/\/schema.org","@graph":[{"@type":"WebPage","@id":"https:\/\/www.hurom-europe.cz\/story\/ceo-story\/","url":"https:\/\/www.hurom-europe.cz\/story\/ceo-story\/","name":"CEO p\u0159\u00edb\u011bh - Hurom","isPartOf":{"@id":"https:\/\/www.hurom-europe.cz\/#website"},"datePublished":"2025-02-20T08:14:13+00:00","dateModified":"2025-04-23T15:09:29+00:00","description":"CEO p\u0159\u00edb\u011bh Va\u0161e zdrav\u00ed je na\u0161\u00ed prioritou. V\u011b\u0159\u00edme, \u017ee na\u0161e technologick\u00e9 pokroky obohat\u00ed a zlep\u0161\u00ed kvalitu lidsk\u00e9ho \u017eivota. V\u0161ichni \u010dlenov\u00e9 t\u00fdmu Hurom jsou oddan\u00ed hled\u00e1n\u00ed skute\u010dn\u00e9ho \u0161t\u011bst\u00ed a usiluj\u00ed o lep\u0161\u00ed a zdrav\u011bj\u0161\u00ed \u017eivot.Spole\u010dnost Hurom se zavazuje b\u00fdt v\u00e1m nabl\u00edzku \u2013 vyu\u017e\u00edv\u00e1 technologie, kter\u00e9 stav\u00ed va\u0161e zdrav\u00ed na prvn\u00ed m\u00edsto a p\u0159isp\u00edv\u00e1 na cest\u011b ka\u017ed\u00e9ho z n\u00e1s k dlouh\u00e9mu a zdrav\u00e9mu \u017eivotu.","breadcrumb":{"@id":"https:\/\/www.hurom-europe.cz\/story\/ceo-story\/#breadcrumb"},"inLanguage":"cs","potentialAction":[{"@type":"ReadAction","target":["https:\/\/www.hurom-europe.cz\/story\/ceo-story\/"]}]},{"@type":"BreadcrumbList","@id":"https:\/\/www.hurom-europe.cz\/story\/ceo-story\/#breadcrumb","itemListElement":[{"@type":"ListItem","position":1,"name":"Home","item":"https:\/\/www.hurom-europe.cz\/cs\/"},{"@type":"ListItem","position":2,"name":"P\u0159\u00edb\u011bh","item":"https:\/\/www.hurom-europe.cz\/story\/"},{"@type":"ListItem","position":3,"name":"CEO p\u0159\u00edb\u011bh"}]},{"@type":"WebSite","@id":"https:\/\/www.hurom-europe.cz\/#website","url":"https:\/\/www.hurom-europe.cz\/","name":"Hurom","description":"Slow Juicers and Juicing Accessories","potentialAction":[{"@type":"SearchAction","target":{"@type":"EntryPoint","urlTemplate":"https:\/\/www.hurom-europe.cz\/?s={search_term_string}"},"query-input":{"@type":"PropertyValueSpecification","valueRequired":true,"valueName":"search_term_string"}}],"inLanguage":"cs"}]}},"_links":{"self":[{"href":"https:\/\/www.hurom-europe.cz\/cs\/wp-json\/wp\/v2\/pages\/3331","targetHints":{"allow":["GET"]}}],"collection":[{"href":"https:\/\/www.hurom-europe.cz\/cs\/wp-json\/wp\/v2\/pages"}],"about":[{"href":"https:\/\/www.hurom-europe.cz\/cs\/wp-json\/wp\/v2\/types\/page"}],"author":[{"embeddable":true,"href":"https:\/\/www.hurom-europe.cz\/cs\/wp-json\/wp\/v2\/users\/1"}],"replies":[{"embeddable":true,"href":"https:\/\/www.hurom-europe.cz\/cs\/wp-json\/wp\/v2\/comments?post=3331"}],"version-history":[{"count":5,"href":"https:\/\/www.hurom-europe.cz\/cs\/wp-json\/wp\/v2\/pages\/3331\/revisions"}],"predecessor-version":[{"id":3548,"href":"https:\/\/www.hurom-europe.cz\/cs\/wp-json\/wp\/v2\/pages\/3331\/revisions\/3548"}],"up":[{"embeddable":true,"href":"https:\/\/www.hurom-europe.cz\/cs\/wp-json\/wp\/v2\/pages\/3328"}],"wp:attachment":[{"href":"https:\/\/www.hurom-europe.cz\/cs\/wp-json\/wp\/v2\/media?parent=3331"}],"curies":[{"name":"wp","href":"https:\/\/api.w.org\/{rel}","templated":true}]}}