{"id":3327,"date":"2025-03-05T15:03:15","date_gmt":"2025-03-05T14:03:15","guid":{"rendered":"http:\/\/www.hurom-europe.cz\/special-offers\/"},"modified":"2025-04-23T17:04:56","modified_gmt":"2025-04-23T15:04:56","slug":"specialni-nabidka","status":"publish","type":"page","link":"https:\/\/www.hurom-europe.cz\/cs\/specialni-nabidka\/","title":{"rendered":"Speci\u00e1ln\u00ed nab\u00eddka"},"content":{"rendered":"","protected":false},"excerpt":{"rendered":"","protected":false},"author":1,"featured_media":0,"parent":0,"menu_order":0,"comment_status":"closed","ping_status":"closed","template":"templates\/special-offers.php","meta":{"_acf_changed":false,"inline_featured_image":false,"_monsterinsights_skip_tracking":false,"_monsterinsights_sitenote_active":false,"_monsterinsights_sitenote_note":"","_monsterinsights_sitenote_category":0,"footnotes":""},"class_list":["post-3327","page","type-page","status-publish","hentry"],"acf":[],"yoast_head":"<!-- This site is optimized with the Yoast SEO plugin v27.5 - https:\/\/yoast.com\/product\/yoast-seo-wordpress\/ -->\n<title>Speci\u00e1ln\u00ed nab\u00eddka - Hurom<\/title>\n<meta name=\"description\" content=\"Exkluzivn\u00ed speci\u00e1ln\u00ed nab\u00eddky na pomal\u00e9 od\u0161\u0165av\u0148ova\u010de Hurom a n\u00e1kup online pro \u010ceskou republiku, Slovensko, Ma\u010farsko a Rumunsko. V\u00fdrobn\u00edk pomal\u00e9 \u0161\u0165\u00e1vy Hurom, od\u0161\u0165av\u0148ova\u010de ovoce a zeleniny Hurom.\" \/>\n<meta name=\"robots\" content=\"index, follow, max-snippet:-1, max-image-preview:large, max-video-preview:-1\" \/>\n<link rel=\"canonical\" href=\"https:\/\/www.hurom-europe.cz\/cs\/specialni-nabidka\/\" \/>\n<meta property=\"og:locale\" content=\"cs_CZ\" \/>\n<meta property=\"og:type\" content=\"article\" \/>\n<meta property=\"og:title\" content=\"Speci\u00e1ln\u00ed nab\u00eddka - Hurom\" \/>\n<meta property=\"og:description\" content=\"Exkluzivn\u00ed speci\u00e1ln\u00ed nab\u00eddky na pomal\u00e9 od\u0161\u0165av\u0148ova\u010de Hurom a n\u00e1kup online pro \u010ceskou republiku, Slovensko, Ma\u010farsko a Rumunsko. V\u00fdrobn\u00edk pomal\u00e9 \u0161\u0165\u00e1vy Hurom, od\u0161\u0165av\u0148ova\u010de ovoce a zeleniny Hurom.\" \/>\n<meta property=\"og:url\" content=\"https:\/\/www.hurom-europe.cz\/cs\/specialni-nabidka\/\" \/>\n<meta property=\"og:site_name\" content=\"Hurom\" \/>\n<meta property=\"article:modified_time\" content=\"2025-04-23T15:04:56+00:00\" \/>\n<meta name=\"twitter:card\" content=\"summary_large_image\" \/>\n<script type=\"application\/ld+json\" class=\"yoast-schema-graph\">{\"@context\":\"https:\\\/\\\/schema.org\",\"@graph\":[{\"@type\":\"WebPage\",\"@id\":\"https:\\\/\\\/www.hurom-europe.cz\\\/cs\\\/specialni-nabidka\\\/\",\"url\":\"https:\\\/\\\/www.hurom-europe.cz\\\/cs\\\/specialni-nabidka\\\/\",\"name\":\"Speci\u00e1ln\u00ed nab\u00eddka - Hurom\",\"isPartOf\":{\"@id\":\"https:\\\/\\\/www.hurom-europe.cz\\\/#website\"},\"datePublished\":\"2025-03-05T14:03:15+00:00\",\"dateModified\":\"2025-04-23T15:04:56+00:00\",\"description\":\"Exkluzivn\u00ed speci\u00e1ln\u00ed nab\u00eddky na pomal\u00e9 od\u0161\u0165av\u0148ova\u010de Hurom a n\u00e1kup online pro \u010ceskou republiku, Slovensko, Ma\u010farsko a Rumunsko. V\u00fdrobn\u00edk pomal\u00e9 \u0161\u0165\u00e1vy Hurom, od\u0161\u0165av\u0148ova\u010de ovoce a zeleniny Hurom.\",\"breadcrumb\":{\"@id\":\"https:\\\/\\\/www.hurom-europe.cz\\\/cs\\\/specialni-nabidka\\\/#breadcrumb\"},\"inLanguage\":\"cs\",\"potentialAction\":[{\"@type\":\"ReadAction\",\"target\":[\"https:\\\/\\\/www.hurom-europe.cz\\\/cs\\\/specialni-nabidka\\\/\"]}]},{\"@type\":\"BreadcrumbList\",\"@id\":\"https:\\\/\\\/www.hurom-europe.cz\\\/cs\\\/specialni-nabidka\\\/#breadcrumb\",\"itemListElement\":[{\"@type\":\"ListItem\",\"position\":1,\"name\":\"Home\",\"item\":\"https:\\\/\\\/www.hurom-europe.cz\\\/cs\\\/\"},{\"@type\":\"ListItem\",\"position\":2,\"name\":\"Speci\u00e1ln\u00ed nab\u00eddka\"}]},{\"@type\":\"WebSite\",\"@id\":\"https:\\\/\\\/www.hurom-europe.cz\\\/#website\",\"url\":\"https:\\\/\\\/www.hurom-europe.cz\\\/\",\"name\":\"Hurom\",\"description\":\"Slow Juicers and Juicing Accessories\",\"potentialAction\":[{\"@type\":\"SearchAction\",\"target\":{\"@type\":\"EntryPoint\",\"urlTemplate\":\"https:\\\/\\\/www.hurom-europe.cz\\\/?s={search_term_string}\"},\"query-input\":{\"@type\":\"PropertyValueSpecification\",\"valueRequired\":true,\"valueName\":\"search_term_string\"}}],\"inLanguage\":\"cs\"}]}<\/script>\n<!-- \/ Yoast SEO plugin. -->","yoast_head_json":{"title":"Speci\u00e1ln\u00ed nab\u00eddka - Hurom","description":"Exkluzivn\u00ed speci\u00e1ln\u00ed nab\u00eddky na pomal\u00e9 od\u0161\u0165av\u0148ova\u010de Hurom a n\u00e1kup online pro \u010ceskou republiku, Slovensko, Ma\u010farsko a Rumunsko. V\u00fdrobn\u00edk pomal\u00e9 \u0161\u0165\u00e1vy Hurom, od\u0161\u0165av\u0148ova\u010de ovoce a zeleniny Hurom.","robots":{"index":"index","follow":"follow","max-snippet":"max-snippet:-1","max-image-preview":"max-image-preview:large","max-video-preview":"max-video-preview:-1"},"canonical":"https:\/\/www.hurom-europe.cz\/cs\/specialni-nabidka\/","og_locale":"cs_CZ","og_type":"article","og_title":"Speci\u00e1ln\u00ed nab\u00eddka - Hurom","og_description":"Exkluzivn\u00ed speci\u00e1ln\u00ed nab\u00eddky na pomal\u00e9 od\u0161\u0165av\u0148ova\u010de Hurom a n\u00e1kup online pro \u010ceskou republiku, Slovensko, Ma\u010farsko a Rumunsko. V\u00fdrobn\u00edk pomal\u00e9 \u0161\u0165\u00e1vy Hurom, od\u0161\u0165av\u0148ova\u010de ovoce a zeleniny Hurom.","og_url":"https:\/\/www.hurom-europe.cz\/cs\/specialni-nabidka\/","og_site_name":"Hurom","article_modified_time":"2025-04-23T15:04:56+00:00","twitter_card":"summary_large_image","schema":{"@context":"https:\/\/schema.org","@graph":[{"@type":"WebPage","@id":"https:\/\/www.hurom-europe.cz\/cs\/specialni-nabidka\/","url":"https:\/\/www.hurom-europe.cz\/cs\/specialni-nabidka\/","name":"Speci\u00e1ln\u00ed nab\u00eddka - Hurom","isPartOf":{"@id":"https:\/\/www.hurom-europe.cz\/#website"},"datePublished":"2025-03-05T14:03:15+00:00","dateModified":"2025-04-23T15:04:56+00:00","description":"Exkluzivn\u00ed speci\u00e1ln\u00ed nab\u00eddky na pomal\u00e9 od\u0161\u0165av\u0148ova\u010de Hurom a n\u00e1kup online pro \u010ceskou republiku, Slovensko, Ma\u010farsko a Rumunsko. V\u00fdrobn\u00edk pomal\u00e9 \u0161\u0165\u00e1vy Hurom, od\u0161\u0165av\u0148ova\u010de ovoce a zeleniny Hurom.","breadcrumb":{"@id":"https:\/\/www.hurom-europe.cz\/cs\/specialni-nabidka\/#breadcrumb"},"inLanguage":"cs","potentialAction":[{"@type":"ReadAction","target":["https:\/\/www.hurom-europe.cz\/cs\/specialni-nabidka\/"]}]},{"@type":"BreadcrumbList","@id":"https:\/\/www.hurom-europe.cz\/cs\/specialni-nabidka\/#breadcrumb","itemListElement":[{"@type":"ListItem","position":1,"name":"Home","item":"https:\/\/www.hurom-europe.cz\/cs\/"},{"@type":"ListItem","position":2,"name":"Speci\u00e1ln\u00ed nab\u00eddka"}]},{"@type":"WebSite","@id":"https:\/\/www.hurom-europe.cz\/#website","url":"https:\/\/www.hurom-europe.cz\/","name":"Hurom","description":"Slow Juicers and Juicing Accessories","potentialAction":[{"@type":"SearchAction","target":{"@type":"EntryPoint","urlTemplate":"https:\/\/www.hurom-europe.cz\/?s={search_term_string}"},"query-input":{"@type":"PropertyValueSpecification","valueRequired":true,"valueName":"search_term_string"}}],"inLanguage":"cs"}]}},"_links":{"self":[{"href":"https:\/\/www.hurom-europe.cz\/cs\/wp-json\/wp\/v2\/pages\/3327","targetHints":{"allow":["GET"]}}],"collection":[{"href":"https:\/\/www.hurom-europe.cz\/cs\/wp-json\/wp\/v2\/pages"}],"about":[{"href":"https:\/\/www.hurom-europe.cz\/cs\/wp-json\/wp\/v2\/types\/page"}],"author":[{"embeddable":true,"href":"https:\/\/www.hurom-europe.cz\/cs\/wp-json\/wp\/v2\/users\/1"}],"replies":[{"embeddable":true,"href":"https:\/\/www.hurom-europe.cz\/cs\/wp-json\/wp\/v2\/comments?post=3327"}],"version-history":[{"count":1,"href":"https:\/\/www.hurom-europe.cz\/cs\/wp-json\/wp\/v2\/pages\/3327\/revisions"}],"predecessor-version":[{"id":3377,"href":"https:\/\/www.hurom-europe.cz\/cs\/wp-json\/wp\/v2\/pages\/3327\/revisions\/3377"}],"wp:attachment":[{"href":"https:\/\/www.hurom-europe.cz\/cs\/wp-json\/wp\/v2\/media?parent=3327"}],"curies":[{"name":"wp","href":"https:\/\/api.w.org\/{rel}","templated":true}]}}