{"id":3320,"date":"2025-02-24T14:26:08","date_gmt":"2025-02-24T13:26:08","guid":{"rendered":"http:\/\/www.hurom-europe.cz\/partnership\/"},"modified":"2025-04-24T11:03:00","modified_gmt":"2025-04-24T09:03:00","slug":"partnerstvi","status":"publish","type":"page","link":"https:\/\/www.hurom-europe.cz\/cs\/partnerstvi\/","title":{"rendered":"Partnerstv\u00ed"},"content":{"rendered":"\n\t\t<form id=\"affwp-register-form-6a06e533dd5c2\" class=\"aff-form affwp-form affwp-register-form\" action=\"\" method=\"post\">\n\n\t\t\t\n\t\t\t<fieldset>\n\t\t\t\t<legend><\/legend>\n\n\t\t\t\t\n\t\t\t\t\r\n\n\t\t<p class=\"aff-column\">\n\t\t\t<label for=\"affwp-user-name\" class=\"affwp-field-label\">Jm\u00e9no<\/label>\n\t\t\t<input\n\t\t\t\ttype=\"text\"\n\t\t\t\tid=\"affwp-user-name\"\n\t\t\t\tname=\"affwp_user_name\"\n\t\t\t\ttitle=\"Jm\u00e9no\"\n\t\t\t\tvalue=\"\"\n\t\t\t\tplaceholder=\"Va\u0161e jm\u00e9no\"\n\t\t\t\t\t\t\t\t\t\t\t\t class=\"affwp-field affwp-field-name\"\t\t\t\/>\n\t\t<\/p>\n\n\t\t\r\n\r\n\n\t\t<p class=\"aff-column\">\n\t\t\t<label for=\"affwp-user-login\" class=\"affwp-field-label\">U\u017eivatelsk\u00e9 jm\u00e9no <span class=\"required\">(povinn\u00e9)<\/span><\/label>\n\t\t\t<input\n\t\t\t\ttype=\"text\"\n\t\t\t\tid=\"affwp-user-login\"\n\t\t\t\tname=\"affwp_user_login\"\n\t\t\t\ttitle=\"U\u017eivatelsk\u00e9 jm\u00e9no\"\n\t\t\t\tvalue=\"\"\n\t\t\t\tplaceholder=\"U\u017eivatelsk\u00e9 jm\u00e9no\"\n\t\t\t\trequired\t\t\t\t\t\t\t\t class=\"affwp-field affwp-field-name\"\t\t\t\/>\n\t\t<\/p>\n\n\t\t\r\n\r\n\t\t<p class=\"aff-column\">\n\t\t\t<label for=\"affwp-user-email\" class=\"affwp-field-label\">E-mail k \u00fa\u010dtu <span class=\"required\">(povinn\u00e9)<\/span><\/label>\n\t\t\t<input\n\t\t\t\ttype=\"email\"\n\t\t\t\tid=\"affwp-user-email\"\n\t\t\t\tname=\"affwp_user_email\"\n\t\t\t\tplaceholder=\"E-mail\"\n\t\t\t\ttitle=\"E-mail k \u00fa\u010dtu\"\n\t\t\t\tvalue=\"\"\n\t\t\t\t class=\"affwp-field affwp-field-email\"\t\t\t\t1\t\t\t\t\t\t\t\/>\n\t\t<\/p>\n\n\t\t\r\n\r\n\t\t<p class=\"aff-column\">\n\t\t\t<label for=\"affwp-payment-email\" class=\"affwp-field-label\">E-mail pro platby <span class=\"required\">(povinn\u00e9)<\/span><\/label>\n\t\t\t<input\n\t\t\t\ttype=\"email\"\n\t\t\t\tid=\"affwp-payment-email\"\n\t\t\t\tname=\"affwp_payment_email\"\n\t\t\t\tplaceholder=\"E-mail\"\n\t\t\t\ttitle=\"E-mail pro platby\"\n\t\t\t\tvalue=\"\"\n\t\t\t\t class=\"affwp-field affwp-field-email\"\t\t\t\trequired\t\t\t\t\t\t\t\/>\n\t\t<\/p>\n\n\t\t\r\n\r\n\n\t\t<p class=\"aff-column\">\n\t\t\t<label for=\"affwp-instagram-url\" class=\"affwp-field-label\">Instagram URL<\/label>\n\t\t\t<input\n\t\t\t\ttype=\"text\" id=\"affwp-instagram-url\"\n\t\t\t\tname=\"affwp_instagram_url_text\"\n\t\t\t\ttitle=\"Instagram URL\"\n\t\t\t\tvalue=\"\"\n\t\t\t\tplaceholder=\"https:\/\/\"\n\t\t\t\t\t\t\t\t\t\t\t\t class=\"affwp-field affwp-field-name\"\t\t\t\/>\n\t\t<\/p>\n\n\t\t\r\n\r\n\n\t\t<p class=\"aff-column\">\n\t\t\t<label for=\"affwp-pocet-sledujicich-na-instagramu\" class=\"affwp-field-label\">Po\u010det sleduj\u00edc\u00edch na Instagramu<\/label>\n\t\t\t<input\n\t\t\t\ttype=\"text\" id=\"affwp-pocet-sledujicich-na-instagramu\"\n\t\t\t\tname=\"affwp_pocet_sledujicich_na_instagramu_text\"\n\t\t\t\ttitle=\"Po\u010det sleduj\u00edc\u00edch na Instagramu\"\n\t\t\t\tvalue=\"\"\n\t\t\t\tplaceholder=\"Po\u010det sleduj\u00edc\u00edch...\"\n\t\t\t\t\t\t\t\t\t\t\t\t class=\"affwp-field affwp-field-name\"\t\t\t\/>\n\t\t<\/p>\n\n\t\t\r\n\r\n\n\t\t<p class=\"aff-column\">\n\t\t\t<label for=\"affwp-youtube-url\" class=\"affwp-field-label\">Youtube URL<\/label>\n\t\t\t<input\n\t\t\t\ttype=\"text\" id=\"affwp-youtube-url\"\n\t\t\t\tname=\"affwp_youtube_url_text\"\n\t\t\t\ttitle=\"Youtube URL\"\n\t\t\t\tvalue=\"\"\n\t\t\t\tplaceholder=\"https:\/\/\"\n\t\t\t\t\t\t\t\t\t\t\t\t class=\"affwp-field affwp-field-name\"\t\t\t\/>\n\t\t<\/p>\n\n\t\t\r\n\r\n\n\t\t<p class=\"aff-column\">\n\t\t\t<label for=\"affwp-pocet-sledujicich-na-youtube\" class=\"affwp-field-label\">Po\u010det sleduj\u00edc\u00edch na Youtube<\/label>\n\t\t\t<input\n\t\t\t\ttype=\"text\" id=\"affwp-pocet-sledujicich-na-youtube\"\n\t\t\t\tname=\"affwp_pocet_sledujicich_na_youtube_text\"\n\t\t\t\ttitle=\"Po\u010det sleduj\u00edc\u00edch na Youtube\"\n\t\t\t\tvalue=\"\"\n\t\t\t\tplaceholder=\"Po\u010det sleduj\u00edc\u00edch...\"\n\t\t\t\t\t\t\t\t\t\t\t\t class=\"affwp-field affwp-field-name\"\t\t\t\/>\n\t\t<\/p>\n\n\t\t\r\n\r\n\n\t\t<p class=\"aff-column\">\n\t\t\t<label for=\"affwp-tiktok-url\" class=\"affwp-field-label\">TikTok URL<\/label>\n\t\t\t<input\n\t\t\t\ttype=\"text\" id=\"affwp-tiktok-url\"\n\t\t\t\tname=\"affwp_tiktok_url_text\"\n\t\t\t\ttitle=\"TikTok URL\"\n\t\t\t\tvalue=\"\"\n\t\t\t\tplaceholder=\"https:\/\/\"\n\t\t\t\t\t\t\t\t\t\t\t\t class=\"affwp-field affwp-field-name\"\t\t\t\/>\n\t\t<\/p>\n\n\t\t\r\n\r\n\n\t\t<p class=\"aff-column\">\n\t\t\t<label for=\"affwp-pocet-sledujicich-na-tiktok\" class=\"affwp-field-label\">Po\u010det sleduj\u00edc\u00edch na TikTok<\/label>\n\t\t\t<input\n\t\t\t\ttype=\"text\" id=\"affwp-pocet-sledujicich-na-tiktok\"\n\t\t\t\tname=\"affwp_pocet_sledujicich_na_tiktok_text\"\n\t\t\t\ttitle=\"Po\u010det sleduj\u00edc\u00edch na TikTok\"\n\t\t\t\tvalue=\"\"\n\t\t\t\tplaceholder=\"Po\u010det sleduj\u00edc\u00edch...\"\n\t\t\t\t\t\t\t\t\t\t\t\t class=\"affwp-field affwp-field-name\"\t\t\t\/>\n\t\t<\/p>\n\n\t\t\r\n\r\n\n\t\t<p class=\"aff-column-full\">\n\t\t\t<label for=\"affwp-user-url\" class=\"affwp-field-label\">Webov\u00e9 str\u00e1nky URL<\/label>\n\t\t\t<input\n\t\t\t\ttype=\"url\"\n\t\t\t\tid=\"affwp-user-url\"\n\t\t\t\tvalue=\"\"\n\t\t\t\tname=\"affwp_user_url\"\n\t\t\t\ttitle=\"Webov\u00e9 str\u00e1nky URL\"\n\t\t\t\tplaceholder=\"https:\/\/\"\n\t\t\t\t class=\"affwp-field affwp-field-website\"\t\t\t\t\t\t\t\/>\n\t\t<\/p>\n\n\t\t\r\n\r\n\n\t\t<p class=\"aff-column-third\">\n\t\t\t<label for=\"affwp-zeme-kde-zijete\" class=\"affwp-field-label\">Zem\u011b, kde \u017eijete<\/label>\n\t\t\t<input\n\t\t\t\ttype=\"text\" id=\"affwp-zeme-kde-zijete\"\n\t\t\t\tname=\"affwp_zeme_kde_zijete_text\"\n\t\t\t\ttitle=\"Zem\u011b, kde \u017eijete\"\n\t\t\t\tvalue=\"\"\n\t\t\t\tplaceholder=\"Lond\u00fdn, New York, Berl\u00edn...\"\n\t\t\t\t\t\t\t\t\t\t\t\t class=\"affwp-field affwp-field-name\"\t\t\t\/>\n\t\t<\/p>\n\n\t\t\r\n\r\n\n\t\t<p class=\"aff-column-third\">\n\t\t\t<label for=\"affwp-zeme-kde-cilite\" class=\"affwp-field-label\">Zem\u011b, kde c\u00edl\u00edte<\/label>\n\t\t\t<input\n\t\t\t\ttype=\"text\" id=\"affwp-zeme-kde-cilite\"\n\t\t\t\tname=\"affwp_zeme_kde_cilite_text\"\n\t\t\t\ttitle=\"Zem\u011b, kde c\u00edl\u00edte\"\n\t\t\t\tvalue=\"\"\n\t\t\t\tplaceholder=\"Lond\u00fdn, New York, Berl\u00edn...\"\n\t\t\t\t\t\t\t\t\t\t\t\t class=\"affwp-field affwp-field-name\"\t\t\t\/>\n\t\t<\/p>\n\n\t\t\r\n\r\n\n\t\t<p class=\"aff-column-full\">\n\t\t\t<label for=\"affwp-promotion-method\" class=\"affwp-field-label\">Jak n\u00e1s budete propagovat?<\/label>\t\t\t<textarea\n\t\t\t\tname=\"affwp_promotion_method\"\n\t\t\t\tid=\"affwp-promotion-method\"\n\t\t\t\trows=\"5\"\n\t\t\t\ttitle=\"Jak n\u00e1s budete propagovat?\"\n\t\t\t\tplaceholder=\"V\u00e1\u0161 text...\"\n\t\t\t\t\t\t\t\t class=\"affwp-field affwp-field-textarea\"\t\t\t\t><\/textarea>\n\t\t<\/p>\n\n\t\t\r\n\r\n\n\t\t<p class=\"aff-column-full\">\n\t\t\t<label for=\"affwp-kdo-vam-doporucil\" class=\"affwp-field-label\">Kdo v\u00e1m doporu\u010dil<\/label>\n\t\t\t<input\n\t\t\t\ttype=\"text\" id=\"affwp-kdo-vam-doporucil\"\n\t\t\t\tname=\"affwp_kdo_vam_doporucil_text\"\n\t\t\t\ttitle=\"Kdo v\u00e1m doporu\u010dil\"\n\t\t\t\tvalue=\"\"\n\t\t\t\tplaceholder=\"Cel\u00e9 jm\u00e9no osoby, kter\u00e1 v\u00e1m doporu\u010dila tento program.\"\n\t\t\t\t\t\t\t\t\t\t\t\t class=\"affwp-field affwp-field-name\"\t\t\t\/>\n\t\t<\/p>\n\n\t\t\r\n\r\n\n\t\t\t<p class=\"aff-column-footer-start\">\n\t\t\t\t<input\n\t\t\t\t\ttype=\"checkbox\" id=\"affwp-precetl-jsem-si-podminky-pouziti-a-souhlasim-s-nimi\"\n\t\t\t\t\tvalue=\"1\"\n\t\t\t\t\tname=\"affwp_precetl_jsem_si_podminky_pouziti_a_souhlasim_s_nimi_terms-of-use\"\n\t\t\t\t\t\t\t\t\t\t class=\"affwp-field affwp-field-terms-of-use\"\t\t\t\t\trequired\t\t\t\t\/>\n\n\t\t\t\t<label for=\"affwp-precetl-jsem-si-podminky-pouziti-a-souhlasim-s-nimi\" class=\"affwp-field-label\">P\u0159e\u010detl jsem si\u00a0<a href=\"https:\/\/www.hurom-europe.cz\/cs\/obchodni-podminky\/\" target=\"_blank\" rel=\"noreferrer noopener\">podm\u00ednky pou\u017eit\u00ed\u00a0<\/a>\u00a0a souhlas\u00edm s nimi. <span class=\"required\">(povinn\u00e9)<\/span><\/label>\t\t\t<\/p>\n\n\t\t\t\r\n\r\n\n\n\t\t\n\t\t<input type=\"hidden\" name=\"affwp_honeypot\" value=\"\"\/>\n\t\t<input type=\"hidden\" name=\"affwp_redirect\" value=\"\"\/>\n\t\t<input type=\"hidden\" name=\"affwp_register_nonce\" value=\"9361c5893c\"\/>\n\t\t<input type=\"hidden\" name=\"affwp_action\" value=\"affiliate_register\"\/>\n\t\t\t\t\t<input type=\"hidden\" name=\"affwp_post_id\" value=\"3320\"\/>\n\t\t\t<input type=\"hidden\" name=\"affwp_block_hash\" value=\"2664351473\">\n\t\t\n\t\t\t\t\n\t\t<input type=\"hidden\" name=\"g-recaptcha-remoteip\" value=\"216.73.217.179\" \/>\n\n\t\t\t\t\t<input type=\"hidden\" name=\"affwp_post_id\" value=\"3320\" \/>\n\t\t\t<input type=\"hidden\" name=\"g-recaptcha-response\" id=\"g-recaptcha-response-6a06e533dd521\" value=\"\" \/>\n\n\t\t\t<input class=\"button g-recaptcha aff-column-footer-end btn btn-green lg button\"\"\n\t\t\t\t\tdata-sitekey=\"6LccJiQrAAAAAN-4Xdx_m_xE8A5fI335W2w6NRXN\"\n\t\t\t\t\tdata-callback=\"onRegisterSubmit_6a06e533dd521\"\n\t\t\t\t\ttype=\"submit\"\n\t\t\t\t\tdata-action=\"affiliate_register_3320\"\n\t\t\t\t\tvalue=\"Registrovat\" \/>\n\n\t\t\t<script>\n\t\t\tfunction onRegisterSubmit_6a06e533dd521(token) {\n\t\t\t\t\/\/ Primary form ID - try exact match first\n\t\t\t\tlet form = document.getElementById(\"affwp-register-form-6a06e533dd521\");\n\n\t\t\t\t\/\/ Fallback: if exact form not found, search for any matching registration form\n\t\t\t\tif (!form) {\n\t\t\t\t\tconst forms = document.querySelectorAll('form[id^=\"affwp-register-form-\"]');\n\t\t\t\t\tif (forms.length > 0) {\n\t\t\t\t\t\tform = forms[0]; \/\/ Use the first matching form\n\t\t\t\t\t}\n\t\t\t\t}\n\n\t\t\t\tconst tokenField = document.getElementById(\"g-recaptcha-response-6a06e533dd521\");\n\n\t\t\t\tif (!form || !tokenField) {\n\t\t\t\t\treturn;\n\t\t\t\t}\n\n\t\t\t\t\/\/ Set the token\n\t\t\t\ttokenField.value = token;\n\n\t\t\t\t\/\/ Check form validity and submit\n\t\t\t\tif (form.checkValidity()) {\n\t\t\t\t\tform.submit();\n\t\t\t\t\treturn;\n\t\t\t\t}\n\n\t\t\t\t\/\/ Reset reCAPTCHA if form validation failed\n\t\t\t\tif (typeof grecaptcha !== \"undefined\" && grecaptcha.reset) {\n\t\t\t\t\tconst submitButton = form.querySelector(\".g-recaptcha[data-callback=\\\"onRegisterSubmit_6a06e533dd521\\\"]\");\n\t\t\t\t\tif (submitButton && submitButton.hasAttribute(\"data-recaptcha-widget-id\")) {\n\t\t\t\t\t\tconst widgetId = parseInt(submitButton.getAttribute(\"data-recaptcha-widget-id\"));\n\t\t\t\t\t\tgrecaptcha.reset(widgetId);\n\t\t\t\t\t}\n\t\t\t\t}\n\n\t\t\t\t\/\/ Show validation errors\n\t\t\t\tform.reportValidity();\n\t\t\t}\n\t\t\t<\/script>\n\t\t\t\t\n\t\t\n\t\t\r\n\n\t\t\t\t\t\t\t<\/fieldset>\n\n\t\t\t\n\t\t<\/form>\n\t\t","protected":false},"excerpt":{"rendered":"","protected":false},"author":1,"featured_media":0,"parent":0,"menu_order":0,"comment_status":"closed","ping_status":"closed","template":"templates\/partnership.php","meta":{"_acf_changed":false,"inline_featured_image":false,"_monsterinsights_skip_tracking":false,"_monsterinsights_sitenote_active":false,"_monsterinsights_sitenote_note":"","_monsterinsights_sitenote_category":0,"footnotes":""},"class_list":["post-3320","page","type-page","status-publish","hentry"],"acf":[],"yoast_head":"<!-- This site is optimized with the Yoast SEO plugin v27.5 - https:\/\/yoast.com\/product\/yoast-seo-wordpress\/ -->\n<title>Partnerstv\u00ed - Hurom<\/title>\n<meta name=\"description\" content=\"S HUROM Plus Partnerstv\u00edm, m\u016f\u017eete si vyd\u011blat t\u00edm, \u017ee budete ostatn\u00ed motivovat ke zdrav\u00e9mu \u017eivotn\u00edmu stylu. Sta\u010d\u00ed, kdy\u017e budete mluvit o Huromu se sv\u00fdmi p\u0159\u00e1teli a sd\u00edlet sv\u016fj vlastn\u00ed odkaz nebo slevov\u00fd k\u00f3d.Kdy\u017e n\u011bkdo zakoup\u00ed produkt Hurom pomoc\u00ed va\u0161eho odkazu nebo k\u00f3du, obdr\u017e\u00edte provizi z dan\u00e9 objedn\u00e1vky.Sd\u00edlejte svou v\u00e1\u0161e\u0148 pro zdrav\u00fd \u017eivotn\u00ed styl a vyd\u011bl\u00e1vejte! \ud83d\ude42\" \/>\n<meta name=\"robots\" content=\"index, follow, max-snippet:-1, max-image-preview:large, max-video-preview:-1\" \/>\n<link rel=\"canonical\" href=\"https:\/\/www.hurom-europe.cz\/partnership\/\" \/>\n<meta property=\"og:locale\" content=\"cs_CZ\" \/>\n<meta property=\"og:type\" content=\"article\" \/>\n<meta property=\"og:title\" content=\"Partnerstv\u00ed - Hurom\" \/>\n<meta property=\"og:description\" content=\"S HUROM Plus Partnerstv\u00edm, m\u016f\u017eete si vyd\u011blat t\u00edm, \u017ee budete ostatn\u00ed motivovat ke zdrav\u00e9mu \u017eivotn\u00edmu stylu. Sta\u010d\u00ed, kdy\u017e budete mluvit o Huromu se sv\u00fdmi p\u0159\u00e1teli a sd\u00edlet sv\u016fj vlastn\u00ed odkaz nebo slevov\u00fd k\u00f3d.Kdy\u017e n\u011bkdo zakoup\u00ed produkt Hurom pomoc\u00ed va\u0161eho odkazu nebo k\u00f3du, obdr\u017e\u00edte provizi z dan\u00e9 objedn\u00e1vky.Sd\u00edlejte svou v\u00e1\u0161e\u0148 pro zdrav\u00fd \u017eivotn\u00ed styl a vyd\u011bl\u00e1vejte! \ud83d\ude42\" \/>\n<meta property=\"og:url\" content=\"https:\/\/www.hurom-europe.cz\/partnership\/\" \/>\n<meta property=\"og:site_name\" content=\"Hurom\" \/>\n<meta property=\"article:modified_time\" content=\"2025-04-24T09:03:00+00:00\" \/>\n<meta name=\"twitter:card\" content=\"summary_large_image\" \/>\n<meta name=\"twitter:label1\" content=\"Odhadovan\u00e1 doba \u010dten\u00ed\" \/>\n\t<meta name=\"twitter:data1\" content=\"2 minuty\" \/>\n<script type=\"application\/ld+json\" class=\"yoast-schema-graph\">{\"@context\":\"https:\\\/\\\/schema.org\",\"@graph\":[{\"@type\":\"WebPage\",\"@id\":\"https:\\\/\\\/www.hurom-europe.cz\\\/partnership\\\/\",\"url\":\"https:\\\/\\\/www.hurom-europe.cz\\\/partnership\\\/\",\"name\":\"Partnerstv\u00ed - Hurom\",\"isPartOf\":{\"@id\":\"https:\\\/\\\/www.hurom-europe.cz\\\/#website\"},\"datePublished\":\"2025-02-24T13:26:08+00:00\",\"dateModified\":\"2025-04-24T09:03:00+00:00\",\"description\":\"S HUROM Plus Partnerstv\u00edm, m\u016f\u017eete si vyd\u011blat t\u00edm, \u017ee budete ostatn\u00ed motivovat ke zdrav\u00e9mu \u017eivotn\u00edmu stylu. Sta\u010d\u00ed, kdy\u017e budete mluvit o Huromu se sv\u00fdmi p\u0159\u00e1teli a sd\u00edlet sv\u016fj vlastn\u00ed odkaz nebo slevov\u00fd k\u00f3d.Kdy\u017e n\u011bkdo zakoup\u00ed produkt Hurom pomoc\u00ed va\u0161eho odkazu nebo k\u00f3du, obdr\u017e\u00edte provizi z dan\u00e9 objedn\u00e1vky.Sd\u00edlejte svou v\u00e1\u0161e\u0148 pro zdrav\u00fd \u017eivotn\u00ed styl a vyd\u011bl\u00e1vejte! \ud83d\ude42\",\"breadcrumb\":{\"@id\":\"https:\\\/\\\/www.hurom-europe.cz\\\/partnership\\\/#breadcrumb\"},\"inLanguage\":\"cs\",\"potentialAction\":[{\"@type\":\"ReadAction\",\"target\":[\"https:\\\/\\\/www.hurom-europe.cz\\\/partnership\\\/\"]}]},{\"@type\":\"BreadcrumbList\",\"@id\":\"https:\\\/\\\/www.hurom-europe.cz\\\/partnership\\\/#breadcrumb\",\"itemListElement\":[{\"@type\":\"ListItem\",\"position\":1,\"name\":\"Home\",\"item\":\"https:\\\/\\\/www.hurom-europe.cz\\\/cs\\\/\"},{\"@type\":\"ListItem\",\"position\":2,\"name\":\"Partnerstv\u00ed\"}]},{\"@type\":\"WebSite\",\"@id\":\"https:\\\/\\\/www.hurom-europe.cz\\\/#website\",\"url\":\"https:\\\/\\\/www.hurom-europe.cz\\\/\",\"name\":\"Hurom\",\"description\":\"Slow Juicers and Juicing Accessories\",\"potentialAction\":[{\"@type\":\"SearchAction\",\"target\":{\"@type\":\"EntryPoint\",\"urlTemplate\":\"https:\\\/\\\/www.hurom-europe.cz\\\/?s={search_term_string}\"},\"query-input\":{\"@type\":\"PropertyValueSpecification\",\"valueRequired\":true,\"valueName\":\"search_term_string\"}}],\"inLanguage\":\"cs\"}]}<\/script>\n<!-- \/ Yoast SEO plugin. -->","yoast_head_json":{"title":"Partnerstv\u00ed - Hurom","description":"S HUROM Plus Partnerstv\u00edm, m\u016f\u017eete si vyd\u011blat t\u00edm, \u017ee budete ostatn\u00ed motivovat ke zdrav\u00e9mu \u017eivotn\u00edmu stylu. Sta\u010d\u00ed, kdy\u017e budete mluvit o Huromu se sv\u00fdmi p\u0159\u00e1teli a sd\u00edlet sv\u016fj vlastn\u00ed odkaz nebo slevov\u00fd k\u00f3d.Kdy\u017e n\u011bkdo zakoup\u00ed produkt Hurom pomoc\u00ed va\u0161eho odkazu nebo k\u00f3du, obdr\u017e\u00edte provizi z dan\u00e9 objedn\u00e1vky.Sd\u00edlejte svou v\u00e1\u0161e\u0148 pro zdrav\u00fd \u017eivotn\u00ed styl a vyd\u011bl\u00e1vejte! \ud83d\ude42","robots":{"index":"index","follow":"follow","max-snippet":"max-snippet:-1","max-image-preview":"max-image-preview:large","max-video-preview":"max-video-preview:-1"},"canonical":"https:\/\/www.hurom-europe.cz\/partnership\/","og_locale":"cs_CZ","og_type":"article","og_title":"Partnerstv\u00ed - Hurom","og_description":"S HUROM Plus Partnerstv\u00edm, m\u016f\u017eete si vyd\u011blat t\u00edm, \u017ee budete ostatn\u00ed motivovat ke zdrav\u00e9mu \u017eivotn\u00edmu stylu. Sta\u010d\u00ed, kdy\u017e budete mluvit o Huromu se sv\u00fdmi p\u0159\u00e1teli a sd\u00edlet sv\u016fj vlastn\u00ed odkaz nebo slevov\u00fd k\u00f3d.Kdy\u017e n\u011bkdo zakoup\u00ed produkt Hurom pomoc\u00ed va\u0161eho odkazu nebo k\u00f3du, obdr\u017e\u00edte provizi z dan\u00e9 objedn\u00e1vky.Sd\u00edlejte svou v\u00e1\u0161e\u0148 pro zdrav\u00fd \u017eivotn\u00ed styl a vyd\u011bl\u00e1vejte! \ud83d\ude42","og_url":"https:\/\/www.hurom-europe.cz\/partnership\/","og_site_name":"Hurom","article_modified_time":"2025-04-24T09:03:00+00:00","twitter_card":"summary_large_image","twitter_misc":{"Odhadovan\u00e1 doba \u010dten\u00ed":"2 minuty"},"schema":{"@context":"https:\/\/schema.org","@graph":[{"@type":"WebPage","@id":"https:\/\/www.hurom-europe.cz\/partnership\/","url":"https:\/\/www.hurom-europe.cz\/partnership\/","name":"Partnerstv\u00ed - Hurom","isPartOf":{"@id":"https:\/\/www.hurom-europe.cz\/#website"},"datePublished":"2025-02-24T13:26:08+00:00","dateModified":"2025-04-24T09:03:00+00:00","description":"S HUROM Plus Partnerstv\u00edm, m\u016f\u017eete si vyd\u011blat t\u00edm, \u017ee budete ostatn\u00ed motivovat ke zdrav\u00e9mu \u017eivotn\u00edmu stylu. Sta\u010d\u00ed, kdy\u017e budete mluvit o Huromu se sv\u00fdmi p\u0159\u00e1teli a sd\u00edlet sv\u016fj vlastn\u00ed odkaz nebo slevov\u00fd k\u00f3d.Kdy\u017e n\u011bkdo zakoup\u00ed produkt Hurom pomoc\u00ed va\u0161eho odkazu nebo k\u00f3du, obdr\u017e\u00edte provizi z dan\u00e9 objedn\u00e1vky.Sd\u00edlejte svou v\u00e1\u0161e\u0148 pro zdrav\u00fd \u017eivotn\u00ed styl a vyd\u011bl\u00e1vejte! \ud83d\ude42","breadcrumb":{"@id":"https:\/\/www.hurom-europe.cz\/partnership\/#breadcrumb"},"inLanguage":"cs","potentialAction":[{"@type":"ReadAction","target":["https:\/\/www.hurom-europe.cz\/partnership\/"]}]},{"@type":"BreadcrumbList","@id":"https:\/\/www.hurom-europe.cz\/partnership\/#breadcrumb","itemListElement":[{"@type":"ListItem","position":1,"name":"Home","item":"https:\/\/www.hurom-europe.cz\/cs\/"},{"@type":"ListItem","position":2,"name":"Partnerstv\u00ed"}]},{"@type":"WebSite","@id":"https:\/\/www.hurom-europe.cz\/#website","url":"https:\/\/www.hurom-europe.cz\/","name":"Hurom","description":"Slow Juicers and Juicing Accessories","potentialAction":[{"@type":"SearchAction","target":{"@type":"EntryPoint","urlTemplate":"https:\/\/www.hurom-europe.cz\/?s={search_term_string}"},"query-input":{"@type":"PropertyValueSpecification","valueRequired":true,"valueName":"search_term_string"}}],"inLanguage":"cs"}]}},"_links":{"self":[{"href":"https:\/\/www.hurom-europe.cz\/cs\/wp-json\/wp\/v2\/pages\/3320","targetHints":{"allow":["GET"]}}],"collection":[{"href":"https:\/\/www.hurom-europe.cz\/cs\/wp-json\/wp\/v2\/pages"}],"about":[{"href":"https:\/\/www.hurom-europe.cz\/cs\/wp-json\/wp\/v2\/types\/page"}],"author":[{"embeddable":true,"href":"https:\/\/www.hurom-europe.cz\/cs\/wp-json\/wp\/v2\/users\/1"}],"replies":[{"embeddable":true,"href":"https:\/\/www.hurom-europe.cz\/cs\/wp-json\/wp\/v2\/comments?post=3320"}],"version-history":[{"count":12,"href":"https:\/\/www.hurom-europe.cz\/cs\/wp-json\/wp\/v2\/pages\/3320\/revisions"}],"predecessor-version":[{"id":3808,"href":"https:\/\/www.hurom-europe.cz\/cs\/wp-json\/wp\/v2\/pages\/3320\/revisions\/3808"}],"wp:attachment":[{"href":"https:\/\/www.hurom-europe.cz\/cs\/wp-json\/wp\/v2\/media?parent=3320"}],"curies":[{"name":"wp","href":"https:\/\/api.w.org\/{rel}","templated":true}]}}