{"id":3318,"date":"2025-02-14T14:53:21","date_gmt":"2025-02-14T13:53:21","guid":{"rendered":"http:\/\/www.hurom-europe.cz\/information\/recipes\/"},"modified":"2025-04-23T16:55:31","modified_gmt":"2025-04-23T14:55:31","slug":"recepty","status":"publish","type":"page","link":"https:\/\/www.hurom-europe.cz\/cs\/informace\/recepty\/","title":{"rendered":"Hurom Recepty"},"content":{"rendered":"","protected":false},"excerpt":{"rendered":"","protected":false},"author":1,"featured_media":0,"parent":3313,"menu_order":0,"comment_status":"closed","ping_status":"closed","template":"templates\/recipes.php","meta":{"_acf_changed":false,"inline_featured_image":false,"_monsterinsights_skip_tracking":false,"_monsterinsights_sitenote_active":false,"_monsterinsights_sitenote_note":"","_monsterinsights_sitenote_category":0,"footnotes":""},"class_list":["post-3318","page","type-page","status-publish","hentry"],"acf":[],"yoast_head":"<!-- This site is optimized with the Yoast SEO plugin v27.5 - https:\/\/yoast.com\/product\/yoast-seo-wordpress\/ -->\n<title>Hurom Recepty - Pomal\u00e9 od\u0161\u0165av\u0148ova\u010de | Od\u0161\u0165av\u0148ujte efektivn\u011b ovoce a zeleninu<\/title>\n<meta name=\"description\" content=\"Recepty pro pomal\u00e9 od\u0161\u0165av\u0148ova\u010de Hurom. Objevte v\u0161echny recepty pro pomal\u00e9 od\u0161\u0165av\u0148ova\u010de. Pomal\u00e9 od\u0161\u0165av\u0148ova\u010de, Od\u0161\u0165av\u0148ujte efektivn\u011b ovoce a zeleninu\" \/>\n<meta name=\"robots\" content=\"index, follow, max-snippet:-1, max-image-preview:large, max-video-preview:-1\" \/>\n<link rel=\"canonical\" href=\"https:\/\/www.hurom-europe.cz\/cs\/informace\/recepty\/\" \/>\n<meta property=\"og:locale\" content=\"cs_CZ\" \/>\n<meta property=\"og:type\" content=\"article\" \/>\n<meta property=\"og:title\" content=\"Hurom Recepty - Pomal\u00e9 od\u0161\u0165av\u0148ova\u010de | Od\u0161\u0165av\u0148ujte efektivn\u011b ovoce a zeleninu\" \/>\n<meta property=\"og:description\" content=\"Recepty pro pomal\u00e9 od\u0161\u0165av\u0148ova\u010de Hurom. Objevte v\u0161echny recepty pro pomal\u00e9 od\u0161\u0165av\u0148ova\u010de. Pomal\u00e9 od\u0161\u0165av\u0148ova\u010de, Od\u0161\u0165av\u0148ujte efektivn\u011b ovoce a zeleninu\" \/>\n<meta property=\"og:url\" content=\"https:\/\/www.hurom-europe.cz\/cs\/informace\/recepty\/\" \/>\n<meta property=\"og:site_name\" content=\"Hurom\" \/>\n<meta property=\"article:modified_time\" content=\"2025-04-23T14:55:31+00:00\" \/>\n<meta name=\"twitter:card\" content=\"summary_large_image\" \/>\n<meta name=\"twitter:label1\" content=\"Odhadovan\u00e1 doba \u010dten\u00ed\" \/>\n\t<meta name=\"twitter:data1\" content=\"1 minuta\" \/>\n<script type=\"application\/ld+json\" class=\"yoast-schema-graph\">{\"@context\":\"https:\\\/\\\/schema.org\",\"@graph\":[{\"@type\":\"WebPage\",\"@id\":\"https:\\\/\\\/www.hurom-europe.cz\\\/cs\\\/informace\\\/recepty\\\/\",\"url\":\"https:\\\/\\\/www.hurom-europe.cz\\\/cs\\\/informace\\\/recepty\\\/\",\"name\":\"Hurom Recepty - Pomal\u00e9 od\u0161\u0165av\u0148ova\u010de | Od\u0161\u0165av\u0148ujte efektivn\u011b ovoce a zeleninu\",\"isPartOf\":{\"@id\":\"https:\\\/\\\/www.hurom-europe.cz\\\/#website\"},\"datePublished\":\"2025-02-14T13:53:21+00:00\",\"dateModified\":\"2025-04-23T14:55:31+00:00\",\"description\":\"Recepty pro pomal\u00e9 od\u0161\u0165av\u0148ova\u010de Hurom. Objevte v\u0161echny recepty pro pomal\u00e9 od\u0161\u0165av\u0148ova\u010de. Pomal\u00e9 od\u0161\u0165av\u0148ova\u010de, Od\u0161\u0165av\u0148ujte efektivn\u011b ovoce a zeleninu\",\"breadcrumb\":{\"@id\":\"https:\\\/\\\/www.hurom-europe.cz\\\/cs\\\/informace\\\/recepty\\\/#breadcrumb\"},\"inLanguage\":\"cs\",\"potentialAction\":[{\"@type\":\"ReadAction\",\"target\":[\"https:\\\/\\\/www.hurom-europe.cz\\\/cs\\\/informace\\\/recepty\\\/\"]}]},{\"@type\":\"BreadcrumbList\",\"@id\":\"https:\\\/\\\/www.hurom-europe.cz\\\/cs\\\/informace\\\/recepty\\\/#breadcrumb\",\"itemListElement\":[{\"@type\":\"ListItem\",\"position\":1,\"name\":\"Home\",\"item\":\"https:\\\/\\\/www.hurom-europe.cz\\\/cs\\\/\"},{\"@type\":\"ListItem\",\"position\":2,\"name\":\"Informace\",\"item\":\"https:\\\/\\\/www.hurom-europe.cz\\\/cs\\\/informace\\\/\"},{\"@type\":\"ListItem\",\"position\":3,\"name\":\"Hurom Recepty\"}]},{\"@type\":\"WebSite\",\"@id\":\"https:\\\/\\\/www.hurom-europe.cz\\\/#website\",\"url\":\"https:\\\/\\\/www.hurom-europe.cz\\\/\",\"name\":\"Hurom\",\"description\":\"Slow Juicers and Juicing Accessories\",\"potentialAction\":[{\"@type\":\"SearchAction\",\"target\":{\"@type\":\"EntryPoint\",\"urlTemplate\":\"https:\\\/\\\/www.hurom-europe.cz\\\/?s={search_term_string}\"},\"query-input\":{\"@type\":\"PropertyValueSpecification\",\"valueRequired\":true,\"valueName\":\"search_term_string\"}}],\"inLanguage\":\"cs\"}]}<\/script>\n<!-- \/ Yoast SEO plugin. -->","yoast_head_json":{"title":"Hurom Recepty - Pomal\u00e9 od\u0161\u0165av\u0148ova\u010de | Od\u0161\u0165av\u0148ujte efektivn\u011b ovoce a zeleninu","description":"Recepty pro pomal\u00e9 od\u0161\u0165av\u0148ova\u010de Hurom. Objevte v\u0161echny recepty pro pomal\u00e9 od\u0161\u0165av\u0148ova\u010de. Pomal\u00e9 od\u0161\u0165av\u0148ova\u010de, Od\u0161\u0165av\u0148ujte efektivn\u011b ovoce a zeleninu","robots":{"index":"index","follow":"follow","max-snippet":"max-snippet:-1","max-image-preview":"max-image-preview:large","max-video-preview":"max-video-preview:-1"},"canonical":"https:\/\/www.hurom-europe.cz\/cs\/informace\/recepty\/","og_locale":"cs_CZ","og_type":"article","og_title":"Hurom Recepty - Pomal\u00e9 od\u0161\u0165av\u0148ova\u010de | Od\u0161\u0165av\u0148ujte efektivn\u011b ovoce a zeleninu","og_description":"Recepty pro pomal\u00e9 od\u0161\u0165av\u0148ova\u010de Hurom. Objevte v\u0161echny recepty pro pomal\u00e9 od\u0161\u0165av\u0148ova\u010de. Pomal\u00e9 od\u0161\u0165av\u0148ova\u010de, Od\u0161\u0165av\u0148ujte efektivn\u011b ovoce a zeleninu","og_url":"https:\/\/www.hurom-europe.cz\/cs\/informace\/recepty\/","og_site_name":"Hurom","article_modified_time":"2025-04-23T14:55:31+00:00","twitter_card":"summary_large_image","twitter_misc":{"Odhadovan\u00e1 doba \u010dten\u00ed":"1 minuta"},"schema":{"@context":"https:\/\/schema.org","@graph":[{"@type":"WebPage","@id":"https:\/\/www.hurom-europe.cz\/cs\/informace\/recepty\/","url":"https:\/\/www.hurom-europe.cz\/cs\/informace\/recepty\/","name":"Hurom Recepty - Pomal\u00e9 od\u0161\u0165av\u0148ova\u010de | Od\u0161\u0165av\u0148ujte efektivn\u011b ovoce a zeleninu","isPartOf":{"@id":"https:\/\/www.hurom-europe.cz\/#website"},"datePublished":"2025-02-14T13:53:21+00:00","dateModified":"2025-04-23T14:55:31+00:00","description":"Recepty pro pomal\u00e9 od\u0161\u0165av\u0148ova\u010de Hurom. Objevte v\u0161echny recepty pro pomal\u00e9 od\u0161\u0165av\u0148ova\u010de. Pomal\u00e9 od\u0161\u0165av\u0148ova\u010de, Od\u0161\u0165av\u0148ujte efektivn\u011b ovoce a zeleninu","breadcrumb":{"@id":"https:\/\/www.hurom-europe.cz\/cs\/informace\/recepty\/#breadcrumb"},"inLanguage":"cs","potentialAction":[{"@type":"ReadAction","target":["https:\/\/www.hurom-europe.cz\/cs\/informace\/recepty\/"]}]},{"@type":"BreadcrumbList","@id":"https:\/\/www.hurom-europe.cz\/cs\/informace\/recepty\/#breadcrumb","itemListElement":[{"@type":"ListItem","position":1,"name":"Home","item":"https:\/\/www.hurom-europe.cz\/cs\/"},{"@type":"ListItem","position":2,"name":"Informace","item":"https:\/\/www.hurom-europe.cz\/cs\/informace\/"},{"@type":"ListItem","position":3,"name":"Hurom Recepty"}]},{"@type":"WebSite","@id":"https:\/\/www.hurom-europe.cz\/#website","url":"https:\/\/www.hurom-europe.cz\/","name":"Hurom","description":"Slow Juicers and Juicing Accessories","potentialAction":[{"@type":"SearchAction","target":{"@type":"EntryPoint","urlTemplate":"https:\/\/www.hurom-europe.cz\/?s={search_term_string}"},"query-input":{"@type":"PropertyValueSpecification","valueRequired":true,"valueName":"search_term_string"}}],"inLanguage":"cs"}]}},"_links":{"self":[{"href":"https:\/\/www.hurom-europe.cz\/cs\/wp-json\/wp\/v2\/pages\/3318","targetHints":{"allow":["GET"]}}],"collection":[{"href":"https:\/\/www.hurom-europe.cz\/cs\/wp-json\/wp\/v2\/pages"}],"about":[{"href":"https:\/\/www.hurom-europe.cz\/cs\/wp-json\/wp\/v2\/types\/page"}],"author":[{"embeddable":true,"href":"https:\/\/www.hurom-europe.cz\/cs\/wp-json\/wp\/v2\/users\/1"}],"replies":[{"embeddable":true,"href":"https:\/\/www.hurom-europe.cz\/cs\/wp-json\/wp\/v2\/comments?post=3318"}],"version-history":[{"count":2,"href":"https:\/\/www.hurom-europe.cz\/cs\/wp-json\/wp\/v2\/pages\/3318\/revisions"}],"predecessor-version":[{"id":3401,"href":"https:\/\/www.hurom-europe.cz\/cs\/wp-json\/wp\/v2\/pages\/3318\/revisions\/3401"}],"up":[{"embeddable":true,"href":"https:\/\/www.hurom-europe.cz\/cs\/wp-json\/wp\/v2\/pages\/3313"}],"wp:attachment":[{"href":"https:\/\/www.hurom-europe.cz\/cs\/wp-json\/wp\/v2\/media?parent=3318"}],"curies":[{"name":"wp","href":"https:\/\/api.w.org\/{rel}","templated":true}]}}