{"id":3301,"date":"2025-02-14T14:00:44","date_gmt":"2025-02-14T13:00:44","guid":{"rendered":"http:\/\/www.hurom-europe.cz\/warranty-registration\/"},"modified":"2026-03-31T11:58:55","modified_gmt":"2026-03-31T09:58:55","slug":"registrace-zaruky","status":"publish","type":"page","link":"https:\/\/www.hurom-europe.cz\/cs\/registrace-zaruky\/","title":{"rendered":"Registrace z\u00e1ruky"},"content":{"rendered":"","protected":false},"excerpt":{"rendered":"","protected":false},"author":1,"featured_media":0,"parent":0,"menu_order":0,"comment_status":"closed","ping_status":"closed","template":"templates\/warranty.php","meta":{"_acf_changed":false,"inline_featured_image":false,"_monsterinsights_skip_tracking":false,"_monsterinsights_sitenote_active":false,"_monsterinsights_sitenote_note":"","_monsterinsights_sitenote_category":0,"footnotes":""},"class_list":["post-3301","page","type-page","status-publish","hentry"],"acf":[],"yoast_head":"<!-- This site is optimized with the Yoast SEO plugin v27.5 - https:\/\/yoast.com\/product\/yoast-seo-wordpress\/ -->\n<title>Registrace z\u00e1ruky - Hurom<\/title>\n<meta name=\"robots\" content=\"noindex, nofollow\" \/>\n<meta property=\"og:locale\" content=\"cs_CZ\" \/>\n<meta property=\"og:type\" content=\"article\" \/>\n<meta property=\"og:title\" content=\"Registrace z\u00e1ruky - Hurom\" \/>\n<meta property=\"og:url\" content=\"https:\/\/www.hurom-europe.cz\/cs\/registrace-zaruky\/\" \/>\n<meta property=\"og:site_name\" content=\"Hurom\" \/>\n<meta property=\"article:modified_time\" content=\"2026-03-31T09:58:55+00:00\" \/>\n<meta name=\"twitter:card\" content=\"summary_large_image\" \/>\n<meta name=\"twitter:label1\" content=\"Odhadovan\u00e1 doba \u010dten\u00ed\" \/>\n\t<meta name=\"twitter:data1\" content=\"2 minuty\" \/>\n<script type=\"application\/ld+json\" class=\"yoast-schema-graph\">{\"@context\":\"https:\\\/\\\/schema.org\",\"@graph\":[{\"@type\":\"WebPage\",\"@id\":\"https:\\\/\\\/www.hurom-europe.cz\\\/cs\\\/registrace-zaruky\\\/\",\"url\":\"https:\\\/\\\/www.hurom-europe.cz\\\/cs\\\/registrace-zaruky\\\/\",\"name\":\"Registrace z\u00e1ruky - Hurom\",\"isPartOf\":{\"@id\":\"https:\\\/\\\/www.hurom-europe.cz\\\/#website\"},\"datePublished\":\"2025-02-14T13:00:44+00:00\",\"dateModified\":\"2026-03-31T09:58:55+00:00\",\"breadcrumb\":{\"@id\":\"https:\\\/\\\/www.hurom-europe.cz\\\/cs\\\/registrace-zaruky\\\/#breadcrumb\"},\"inLanguage\":\"cs\",\"potentialAction\":[{\"@type\":\"ReadAction\",\"target\":[\"https:\\\/\\\/www.hurom-europe.cz\\\/cs\\\/registrace-zaruky\\\/\"]}]},{\"@type\":\"BreadcrumbList\",\"@id\":\"https:\\\/\\\/www.hurom-europe.cz\\\/cs\\\/registrace-zaruky\\\/#breadcrumb\",\"itemListElement\":[{\"@type\":\"ListItem\",\"position\":1,\"name\":\"Home\",\"item\":\"https:\\\/\\\/www.hurom-europe.cz\\\/cs\\\/\"},{\"@type\":\"ListItem\",\"position\":2,\"name\":\"Registrace z\u00e1ruky\"}]},{\"@type\":\"WebSite\",\"@id\":\"https:\\\/\\\/www.hurom-europe.cz\\\/#website\",\"url\":\"https:\\\/\\\/www.hurom-europe.cz\\\/\",\"name\":\"Hurom\",\"description\":\"Slow Juicers and Juicing Accessories\",\"potentialAction\":[{\"@type\":\"SearchAction\",\"target\":{\"@type\":\"EntryPoint\",\"urlTemplate\":\"https:\\\/\\\/www.hurom-europe.cz\\\/?s={search_term_string}\"},\"query-input\":{\"@type\":\"PropertyValueSpecification\",\"valueRequired\":true,\"valueName\":\"search_term_string\"}}],\"inLanguage\":\"cs\"}]}<\/script>\n<!-- \/ Yoast SEO plugin. -->","yoast_head_json":{"title":"Registrace z\u00e1ruky - Hurom","robots":{"index":"noindex","follow":"nofollow"},"og_locale":"cs_CZ","og_type":"article","og_title":"Registrace z\u00e1ruky - Hurom","og_url":"https:\/\/www.hurom-europe.cz\/cs\/registrace-zaruky\/","og_site_name":"Hurom","article_modified_time":"2026-03-31T09:58:55+00:00","twitter_card":"summary_large_image","twitter_misc":{"Odhadovan\u00e1 doba \u010dten\u00ed":"2 minuty"},"schema":{"@context":"https:\/\/schema.org","@graph":[{"@type":"WebPage","@id":"https:\/\/www.hurom-europe.cz\/cs\/registrace-zaruky\/","url":"https:\/\/www.hurom-europe.cz\/cs\/registrace-zaruky\/","name":"Registrace z\u00e1ruky - Hurom","isPartOf":{"@id":"https:\/\/www.hurom-europe.cz\/#website"},"datePublished":"2025-02-14T13:00:44+00:00","dateModified":"2026-03-31T09:58:55+00:00","breadcrumb":{"@id":"https:\/\/www.hurom-europe.cz\/cs\/registrace-zaruky\/#breadcrumb"},"inLanguage":"cs","potentialAction":[{"@type":"ReadAction","target":["https:\/\/www.hurom-europe.cz\/cs\/registrace-zaruky\/"]}]},{"@type":"BreadcrumbList","@id":"https:\/\/www.hurom-europe.cz\/cs\/registrace-zaruky\/#breadcrumb","itemListElement":[{"@type":"ListItem","position":1,"name":"Home","item":"https:\/\/www.hurom-europe.cz\/cs\/"},{"@type":"ListItem","position":2,"name":"Registrace z\u00e1ruky"}]},{"@type":"WebSite","@id":"https:\/\/www.hurom-europe.cz\/#website","url":"https:\/\/www.hurom-europe.cz\/","name":"Hurom","description":"Slow Juicers and Juicing Accessories","potentialAction":[{"@type":"SearchAction","target":{"@type":"EntryPoint","urlTemplate":"https:\/\/www.hurom-europe.cz\/?s={search_term_string}"},"query-input":{"@type":"PropertyValueSpecification","valueRequired":true,"valueName":"search_term_string"}}],"inLanguage":"cs"}]}},"_links":{"self":[{"href":"https:\/\/www.hurom-europe.cz\/cs\/wp-json\/wp\/v2\/pages\/3301","targetHints":{"allow":["GET"]}}],"collection":[{"href":"https:\/\/www.hurom-europe.cz\/cs\/wp-json\/wp\/v2\/pages"}],"about":[{"href":"https:\/\/www.hurom-europe.cz\/cs\/wp-json\/wp\/v2\/types\/page"}],"author":[{"embeddable":true,"href":"https:\/\/www.hurom-europe.cz\/cs\/wp-json\/wp\/v2\/users\/1"}],"replies":[{"embeddable":true,"href":"https:\/\/www.hurom-europe.cz\/cs\/wp-json\/wp\/v2\/comments?post=3301"}],"version-history":[{"count":12,"href":"https:\/\/www.hurom-europe.cz\/cs\/wp-json\/wp\/v2\/pages\/3301\/revisions"}],"predecessor-version":[{"id":8967,"href":"https:\/\/www.hurom-europe.cz\/cs\/wp-json\/wp\/v2\/pages\/3301\/revisions\/8967"}],"wp:attachment":[{"href":"https:\/\/www.hurom-europe.cz\/cs\/wp-json\/wp\/v2\/media?parent=3301"}],"curies":[{"name":"wp","href":"https:\/\/api.w.org\/{rel}","templated":true}]}}